{"id":2355,"date":"2021-04-24T03:16:23","date_gmt":"2021-04-24T01:16:23","guid":{"rendered":"http:\/\/trzebnica.home.pl\/drogi.trzebnica.pl\/wordpress\/?page_id=2355"},"modified":"2024-03-05T14:38:12","modified_gmt":"2024-03-05T13:38:12","slug":"zimowe-utrzymanie-drog","status":"publish","type":"page","link":"http:\/\/drogi.trzebnica.pl\/index.php\/zimowe-utrzymanie-drog\/","title":{"rendered":"Zimowe utrzymanie dr\u00f3g"},"content":{"rendered":"\t\t<div data-elementor-type=\"wp-page\" data-elementor-id=\"2355\" class=\"elementor elementor-2355\" data-elementor-settings=\"[]\">\n\t\t\t\t\t\t\t<div class=\"elementor-section-wrap\">\n\t\t\t\t\t\t\t<section class=\"elementor-section elementor-top-section elementor-element elementor-element-290f38b9 elementor-section-boxed elementor-section-height-default elementor-section-height-default\" data-id=\"290f38b9\" data-element_type=\"section\">\n\t\t\t\t\t\t<div class=\"elementor-container elementor-column-gap-default\">\n\t\t\t\t\t<div class=\"elementor-column elementor-col-100 elementor-top-column elementor-element elementor-element-21fc4f3d\" data-id=\"21fc4f3d\" data-element_type=\"column\">\n\t\t\t<div class=\"elementor-widget-wrap elementor-element-populated\">\n\t\t\t\t\t\t\t\t<div class=\"elementor-element elementor-element-67ef5183 elementor-mobile-align-center elementor-widget elementor-widget-post-info\" data-id=\"67ef5183\" data-element_type=\"widget\" data-widget_type=\"post-info.default\">\n\t\t\t\t<div class=\"elementor-widget-container\">\n\t\t\t\t\t<ul class=\"elementor-inline-items elementor-icon-list-items elementor-post-info\">\n\t\t\t\t\t<li class=\"elementor-icon-list-item elementor-repeater-item-a339c7b elementor-inline-item\">\n\t\t\t\t\t\t\t\t\t\t<span class=\"elementor-icon-list-icon\">\n\t\t\t\t\t\t\t\t\t\t\t\t\t\t\t<\/span>\n\t\t\t\t\t\t\t\t\t<span class=\"elementor-icon-list-text elementor-post-info__item elementor-post-info__item--type-custom\">\n\t\t\t\t\t\t\t\t\t\tJeste\u015b tutaj\t\t\t\t\t<\/span>\n\t\t\t\t\t\t\t\t<\/li>\n\t\t\t\t<li class=\"elementor-icon-list-item elementor-repeater-item-97b0ec6 elementor-inline-item\">\n\t\t\t\t\t\t<a href=\"http:\/\/drogi.trzebnica.pl\/\">\n\t\t\t\t\t\t\t\t\t\t\t<span class=\"elementor-icon-list-icon\">\n\t\t\t\t\t\t\t\t<i aria-hidden=\"true\" class=\"fas fa-angle-double-right\"><\/i>\t\t\t\t\t\t\t<\/span>\n\t\t\t\t\t\t\t\t\t<span class=\"elementor-icon-list-text elementor-post-info__item elementor-post-info__item--type-custom\">\n\t\t\t\t\t\t\t\t\t\tStrona G\u0142\u00f3wna\t\t\t\t\t<\/span>\n\t\t\t\t\t\t\t\t\t<\/a>\n\t\t\t\t<\/li>\n\t\t\t\t<li class=\"elementor-icon-list-item elementor-repeater-item-ba9c996 elementor-inline-item\">\n\t\t\t\t\t\t<a href=\"http:\/\/drogi.trzebnica.pl\/index.php\/zimowe-utrzymanie-drog\/\">\n\t\t\t\t\t\t\t\t\t\t\t<span class=\"elementor-icon-list-icon\">\n\t\t\t\t\t\t\t\t<i aria-hidden=\"true\" class=\"fas fa-angle-double-right\"><\/i>\t\t\t\t\t\t\t<\/span>\n\t\t\t\t\t\t\t\t\t<span class=\"elementor-icon-list-text elementor-post-info__item elementor-post-info__item--type-custom\">\n\t\t\t\t\t\t\t\t\t\tZimowe utrzymanie dr\u00f3g\t\t\t\t\t<\/span>\n\t\t\t\t\t\t\t\t\t<\/a>\n\t\t\t\t<\/li>\n\t\t\t\t<\/ul>\n\t\t\t\t<\/div>\n\t\t\t\t<\/div>\n\t\t\t\t\t<\/div>\n\t\t<\/div>\n\t\t\t\t\t\t\t<\/div>\n\t\t<\/section>\n\t\t\t\t<section class=\"elementor-section elementor-top-section elementor-element elementor-element-b55bcb3 elementor-section-boxed elementor-section-height-default elementor-section-height-default\" data-id=\"b55bcb3\" data-element_type=\"section\" data-settings=\"{&quot;background_background&quot;:&quot;classic&quot;}\">\n\t\t\t\t\t\t<div class=\"elementor-container elementor-column-gap-default\">\n\t\t\t\t\t<div class=\"elementor-column elementor-col-100 elementor-top-column elementor-element elementor-element-69829f9\" data-id=\"69829f9\" data-element_type=\"column\" data-settings=\"{&quot;background_background&quot;:&quot;classic&quot;}\">\n\t\t\t<div class=\"elementor-widget-wrap elementor-element-populated\">\n\t\t\t\t\t\t\t\t<div class=\"elementor-element elementor-element-3cda9bc elementor-widget elementor-widget-text-editor\" data-id=\"3cda9bc\" data-element_type=\"widget\" data-widget_type=\"text-editor.default\">\n\t\t\t\t<div class=\"elementor-widget-container\">\n\t\t\t\t\t\t\t\t<p style=\"-webkit-font-smoothing: antialiased; text-rendering: optimizelegibility; margin-bottom: 0px; color: #000000; font-family: 'Archivo Narrow', 'Roboto Condensed', sans-serif; font-size: 16.2px; font-style: normal; font-variant-ligatures: normal; font-variant-caps: normal; font-weight: 400; text-align: justify;\">Zarz\u0105d Dr\u00f3g Powiatowych w Trzebnicy administruje sieci\u0105 dr\u00f3g powiatowych o \u0142\u0105cznej d\u0142ugo\u015bci 429,164 km na terenie gmin: Trzebnica, Oborniki \u015al\u0105skie, \u017bmigr\u00f3d, Prusice, Wisznia Ma\u0142a, Zawonia.<br \/>Zimowym utrzymaniem dr\u00f3g obj\u0119to 392,111 km dr\u00f3g.<br \/>W zale\u017cno\u015bci od funkcji w uk\u0142adzie komunikacyjnym oraz klasy technicznej drogi podzielone s\u0105 na standardy zimowego utrzymania.<\/p><h5 align=\"CENTER\"><strong>STANDARDY OD\u015aNIE\u017bANIA I USUWANIA GO\u0141OLEDZI NA DROGACH<\/strong><\/h5>\t\t\t\t\t\t<\/div>\n\t\t\t\t<\/div>\n\t\t\t\t\t<\/div>\n\t\t<\/div>\n\t\t\t\t\t\t\t<\/div>\n\t\t<\/section>\n\t\t\t\t<section class=\"elementor-section elementor-top-section elementor-element elementor-element-ff2cf96 elementor-section-boxed elementor-section-height-default elementor-section-height-default\" data-id=\"ff2cf96\" data-element_type=\"section\">\n\t\t\t\t\t\t<div class=\"elementor-container elementor-column-gap-default\">\n\t\t\t\t\t<div class=\"elementor-column elementor-col-100 elementor-top-column elementor-element elementor-element-d13a502\" data-id=\"d13a502\" data-element_type=\"column\" data-settings=\"{&quot;background_background&quot;:&quot;classic&quot;}\">\n\t\t\t<div class=\"elementor-widget-wrap elementor-element-populated\">\n\t\t\t\t\t\t\t\t<div class=\"elementor-element elementor-element-49b73fe eael-table-align-center eael-dt-th-align-left elementor-widget elementor-widget-eael-data-table\" data-id=\"49b73fe\" data-element_type=\"widget\" data-widget_type=\"eael-data-table.default\">\n\t\t\t\t<div class=\"elementor-widget-container\">\n\t\t\t\t\t<div class=\"eael-data-table-wrap\" data-table_id=\"49b73fe\" id=\"eael-data-table-wrapper-49b73fe\" data-custom_responsive=\"false\">\n\t\t\t<table class=\"tablesorter eael-data-table center\" id=\"eael-data-table-49b73fe\">\n\t\t\t    <thead>\n\t\t\t        <tr class=\"table-header\">\n\t\t\t\t\t\t\t\t\t            <th class=\"\" id=\"\" colspan=\"\">\n\t\t\t\t\t\t\t\t\t\t\t\t\t\t<span class=\"data-table-header-text\">Standard<\/span><\/th>\n\t\t\t        \t\t\t\t            <th class=\"\" id=\"\" colspan=\"\">\n\t\t\t\t\t\t\t\t\t\t\t\t\t\t<span class=\"data-table-header-text\">Opis stanu utrzymania drogi dla danego standardu<\/span><\/th>\n\t\t\t        \t\t\t\t            <th class=\"\" id=\"\" colspan=\"\">\n\t\t\t\t\t\t\t\t\t\t\t\t\t\t<span class=\"data-table-header-text\">Po ustaniu opad\u00f3w \u015bniegu<\/span><\/th>\n\t\t\t        \t\t\t\t            <th class=\"\" id=\"\" colspan=\"\">\n\t\t\t\t\t\t\t\t\t\t\t\t\t\t<span class=\"data-table-header-text\">Od stwierdzenia wyst\u0119powania zjawisk<\/span><\/th>\n\t\t\t        \t\t\t\t        <\/tr>\n\t\t\t    <\/thead>\n\t\t\t  \t<tbody>\n\t\t\t\t\t\t\t\t\t\t\t<tr>\n\t\t\t\t\t\t\t\t\t\t\t\t\t\t\t\t   \t\t\t\t\t\t\t\t\t\t\t<td colspan=\"\" rowspan=\"\" class=\"\" id=\"\">\n\t\t\t\t\t\t\t\t\t\t\t\t<div class=\"td-content-wrapper\"><div class=\"td-content\"><p>\u00a0<\/p><p style=\"text-align: center;\">IV<\/p><\/div><\/div>\n\t\t\t\t\t\t\t\t\t\t\t<\/td>\n\t\t\t\t\t\t\t\t\t\t\t\t\t\t\t\t\t\t\t\t\t\t\t\t\t\t\t\t\t   \t\t\t\t\t\t\t\t\t\t\t<td colspan=\"\" rowspan=\"\" class=\"\" id=\"\">\n\t\t\t\t\t\t\t\t\t\t\t\t<div class=\"td-content-wrapper\"><div class=\"td-content\">Jezdnia od\u015bnie\u017cana na ca\u0142ej szeroko\u015bci.\n\nJezdnia posypana na odcinkach decyduj\u0105cych o mo\u017cliwo\u015bci ruchu.<\/div><\/div>\n\t\t\t\t\t\t\t\t\t\t\t<\/td>\n\t\t\t\t\t\t\t\t\t\t\t\t\t\t\t\t\t\t\t\t\t\t\t\t\t\t\t\t\t   \t\t\t\t\t\t\t\t\t\t\t<td colspan=\"\" rowspan=\"\" class=\"\" id=\"\">\n\t\t\t\t\t\t\t\t\t\t\t\t<div class=\"td-content-wrapper\"><div class=\"td-content\"><ul><li>lu\u017any \u2013 8godz.<\/li><li>zaje\u017cd\u017cony \u2013 wyst\u0119puje<\/li><li>j\u0119zyki \u015bnie\u017cne \u2013 wyst\u0119puj\u0105<\/li><li>zaspy \u2013 do 8godz.<br \/><br \/>Dopuszcza si\u0119 przerwy w komunikacji do 8godz.\u00a0<\/li><\/ul><\/div><\/div>\n\t\t\t\t\t\t\t\t\t\t\t<\/td>\n\t\t\t\t\t\t\t\t\t\t\t\t\t\t\t\t\t\t\t\t\t\t\t\t\t\t\t\t\t   \t\t\t\t\t\t\t\t\t\t\t<td colspan=\"\" rowspan=\"\" class=\"\" id=\"\">\n\t\t\t\t\t\t\t\t\t\t\t\t<div class=\"td-content-wrapper\"><div class=\"td-content\"><ul>\n \tW miejscach wyznaczonych:\n<\/p>\n \t<li>go\u0142oled\u017a \u2013 8godz.<\/li>\n \t<li>po\u015bniegowa \u2013 10godz.<\/li>\n \t<li>lodowica \u2013 8godz.<\/li>\n<\/ul><\/div><\/div>\n\t\t\t\t\t\t\t\t\t\t\t<\/td>\n\t\t\t\t\t\t\t\t\t\t\t\t\t\t\t\t\t\t\t\t\t\t\t\t\t\t<\/tr>\n\t\t\t        \t\t\t\t\t\t<tr>\n\t\t\t\t\t\t\t\t\t\t\t\t\t\t\t\t   \t\t\t\t\t\t\t\t\t\t\t<td colspan=\"\" rowspan=\"\" class=\"\" id=\"\">\n\t\t\t\t\t\t\t\t\t\t\t\t<div class=\"td-content-wrapper\"><div class=\"td-content\"><p>\u00a0<\/p><p style=\"text-align: center;\">V<\/p><\/div><\/div>\n\t\t\t\t\t\t\t\t\t\t\t<\/td>\n\t\t\t\t\t\t\t\t\t\t\t\t\t\t\t\t\t\t\t\t\t\t\t\t\t\t\t\t\t   \t\t\t\t\t\t\t\t\t\t\t<td colspan=\"\" rowspan=\"\" class=\"\" id=\"\">\n\t\t\t\t\t\t\t\t\t\t\t\t<div class=\"td-content-wrapper\"><div class=\"td-content\">Jezdnia od\u015bnie\u017cona w miejscach zasp, od\u015bnie\u017cony co najmniej jeden pas ruchu z wykonaniem mijanek.\n\nJezdnia posypana na odcinkach decyduj\u0105cych o mo\u017cliwo\u015bci\u00a0ruchu.<\/div><\/div>\n\t\t\t\t\t\t\t\t\t\t\t<\/td>\n\t\t\t\t\t\t\t\t\t\t\t\t\t\t\t\t\t\t\t\t\t\t\t\t\t\t\t\t\t   \t\t\t\t\t\t\t\t\t\t\t<td colspan=\"\" rowspan=\"\" class=\"\" id=\"\">\n\t\t\t\t\t\t\t\t\t\t\t\t<div class=\"td-content-wrapper\"><div class=\"td-content\"><ul><li>lu\u017any \u2013 16godz.<\/li><li>zaje\u017cd\u017cony \u2013 wyst\u0119puje<\/li><li>nab\u00f3j\u00a0\u015bnie\u017cny \u2013 wyst\u0119puje<\/li><li>zaspy \u2013 wyst\u0119puj\u0105 do 24godz.<br \/><br \/>Dopuszcza si\u0119 przerwy w komunikacji do 24godz.<\/li><\/ul><\/div><\/div>\n\t\t\t\t\t\t\t\t\t\t\t<\/td>\n\t\t\t\t\t\t\t\t\t\t\t\t\t\t\t\t\t\t\t\t\t\t\t\t\t\t\t\t\t   \t\t\t\t\t\t\t\t\t\t\t<td colspan=\"\" rowspan=\"\" class=\"\" id=\"\">\n\t\t\t\t\t\t\t\t\t\t\t\t<div class=\"td-content-wrapper\"><div class=\"td-content\"><ul>\n \tW miejscach wyznaczonych:\n<\/p>\n \t<li>go\u0142oled\u017a \u2013 8godz.<\/li>\n \t<li>po\u015bniegowa<\/li>\n<\/ul><\/div><\/div>\n\t\t\t\t\t\t\t\t\t\t\t<\/td>\n\t\t\t\t\t\t\t\t\t\t\t\t\t\t\t\t\t\t\t\t\t\t\t\t\t\t<\/tr>\n\t\t\t        \t\t\t    <\/tbody>\n\t\t\t<\/table>\n\t\t<\/div>\n\t  \t\t\t<\/div>\n\t\t\t\t<\/div>\n\t\t\t\t\t<\/div>\n\t\t<\/div>\n\t\t\t\t\t\t\t<\/div>\n\t\t<\/section>\n\t\t\t\t<section class=\"elementor-section elementor-top-section elementor-element elementor-element-f338454 elementor-section-boxed elementor-section-height-default elementor-section-height-default\" data-id=\"f338454\" data-element_type=\"section\">\n\t\t\t\t\t\t<div class=\"elementor-container elementor-column-gap-default\">\n\t\t\t\t\t<div class=\"elementor-column elementor-col-100 elementor-top-column elementor-element elementor-element-437e2b1\" data-id=\"437e2b1\" data-element_type=\"column\">\n\t\t\t<div class=\"elementor-widget-wrap elementor-element-populated\">\n\t\t\t\t\t\t\t\t<div class=\"elementor-element elementor-element-21a8fa1 elementor-widget elementor-widget-heading\" data-id=\"21a8fa1\" data-element_type=\"widget\" data-widget_type=\"heading.default\">\n\t\t\t\t<div class=\"elementor-widget-container\">\n\t\t\t<h2 class=\"elementor-heading-title elementor-size-default\">OBW\u00d3D DROGOWY \u017bMIGR\u00d3D \u2013 Dy\u017curny : tel. (0-71) 387 06 17, 609 881 722<\/h2>\t\t<\/div>\n\t\t\t\t<\/div>\n\t\t\t\t\t<\/div>\n\t\t<\/div>\n\t\t\t\t\t\t\t<\/div>\n\t\t<\/section>\n\t\t\t\t<section class=\"elementor-section elementor-top-section elementor-element elementor-element-ec2e882 elementor-section-boxed elementor-section-height-default elementor-section-height-default\" data-id=\"ec2e882\" data-element_type=\"section\">\n\t\t\t\t\t\t<div class=\"elementor-container elementor-column-gap-default\">\n\t\t\t\t\t<div class=\"elementor-column elementor-col-100 elementor-top-column elementor-element elementor-element-c1e8888\" data-id=\"c1e8888\" data-element_type=\"column\">\n\t\t\t<div class=\"elementor-widget-wrap elementor-element-populated\">\n\t\t\t\t\t\t\t\t<div class=\"elementor-element elementor-element-6081849 elementor-widget elementor-widget-eael-image-accordion\" data-id=\"6081849\" data-element_type=\"widget\" data-widget_type=\"eael-image-accordion.default\">\n\t\t\t\t<div class=\"elementor-widget-container\">\n\t\t\t    <div class=\"eael-img-accordion accordion-direction-horizontal eael-img-accordion-horizontal-align-center eael-img-accordion-vertical-align-center\" id=\"eael-img-accordion-6081849\" data-img-accordion-id=\"6081849\" data-img-accordion-type=\"on-hover\">\n                    \n            <div class=\"eael-image-accordion-hover eael-image-accordion-item\" style=\"background-image: url(http:\/\/trzebnica.home.pl\/drogi.trzebnica.pl\/wordpress\/wp-content\/uploads\/2021\/04\/prus1.png);\"  tabindex=\"0\">\n                <div class=\"overlay\">\n                    <div class=\"overlay-inner \">\n                        <a href=\"http:\/\/drogi.trzebnica.pl\/index.php\/odsniezanie-gmina-prusice\/\"><h2 class=\"img-accordion-title\">Gmina Prusice<\/h2><\/a>                            <p><p>OBW\u00d3D DROGOWY \u017bMIGR\u00d3D \u2013 Dy\u017curny : tel. (0-71) 387 06 17, 609 881 722<\/p><\/p>\n                                            <\/div>\n                <\/div>\n            <\/div>\n                    \n            <div class=\"eael-image-accordion-hover eael-image-accordion-item\" style=\"background-image: url(http:\/\/trzebnica.home.pl\/drogi.trzebnica.pl\/wordpress\/wp-content\/uploads\/2021\/04\/zmi1.png);\"  tabindex=\"0\">\n                <div class=\"overlay\">\n                    <div class=\"overlay-inner \">\n                        <a href=\"http:\/\/drogi.trzebnica.pl\/index.php\/odsniezanie-gmina-zmigrod\/\"><h2 class=\"img-accordion-title\">Gmina \u017bmigr\u00f3d<\/h2><\/a>                            <p><p>OBW\u00d3D DROGOWY \u017bMIGR\u00d3D \u2013 Dy\u017curny : tel. (0-71) 387 06 17, 609 881 722<\/p><\/p>\n                                            <\/div>\n                <\/div>\n            <\/div>\n                <\/div>\n        <style typr=\"text\/css\">\n                    #eael-img-accordion-6081849 .eael-image-accordion-hover:hover {\n                        flex: 3 1 0% !important;\n                    }\n                    #eael-img-accordion-6081849 .eael-image-accordion-hover:hover:hover .overlay-inner * {\n                        opacity: 1;\n                        visibility: visible;\n                        transform: none;\n                        transition: all .3s .3s;\n                    }\n                <\/style>\t\t<\/div>\n\t\t\t\t<\/div>\n\t\t\t\t<div class=\"elementor-element elementor-element-2b80d2d elementor-widget elementor-widget-heading\" data-id=\"2b80d2d\" data-element_type=\"widget\" data-widget_type=\"heading.default\">\n\t\t\t\t<div class=\"elementor-widget-container\">\n\t\t\t<h2 class=\"elementor-heading-title elementor-size-default\">OBW\u00d3D DROGOWY TRZEBNICA \u2013 Dy\u017curny : tel. (0-71) 387-06-17\n\n<\/h2>\t\t<\/div>\n\t\t\t\t<\/div>\n\t\t\t\t<div class=\"elementor-element elementor-element-ccb0fe0 elementor-widget elementor-widget-eael-image-accordion\" data-id=\"ccb0fe0\" data-element_type=\"widget\" data-widget_type=\"eael-image-accordion.default\">\n\t\t\t\t<div class=\"elementor-widget-container\">\n\t\t\t    <div class=\"eael-img-accordion accordion-direction-horizontal eael-img-accordion-horizontal-align-center eael-img-accordion-vertical-align-center\" id=\"eael-img-accordion-ccb0fe0\" data-img-accordion-id=\"ccb0fe0\" data-img-accordion-type=\"on-hover\">\n                    \n            <div class=\"eael-image-accordion-hover eael-image-accordion-item\" style=\"background-image: url(http:\/\/trzebnica.home.pl\/drogi.trzebnica.pl\/wordpress\/wp-content\/uploads\/2021\/04\/wisznia1.png);\"  tabindex=\"0\">\n                <div class=\"overlay\">\n                    <div class=\"overlay-inner \">\n                        <a href=\"http:\/\/drogi.trzebnica.pl\/index.php\/odsniezanie-gmina-wisznia-mala\/\"><h2 class=\"img-accordion-title\">Gmina Wisznia Ma\u0142a<\/h2><\/a>                            <p><p>OBW\u00d3D DROGOWY TRZEBNICA \u2013 Dy\u017curny : tel. (0-71) 387-06-17<\/p><\/p>\n                                            <\/div>\n                <\/div>\n            <\/div>\n                    \n            <div class=\"eael-image-accordion-hover eael-image-accordion-item\" style=\"background-image: url(http:\/\/trzebnica.home.pl\/drogi.trzebnica.pl\/wordpress\/wp-content\/uploads\/2021\/04\/trze1.png);\"  tabindex=\"0\">\n                <div class=\"overlay\">\n                    <div class=\"overlay-inner \">\n                        <a href=\"http:\/\/drogi.trzebnica.pl\/index.php\/odsniezanie-gmina-trzebnica-polnoc\/\"><h2 class=\"img-accordion-title\">Gmina Trzebnica \u2013 p\u00f3\u0142noc<\/h2><\/a>                            <p><p>OBW\u00d3D DROGOWY TRZEBNICA \u2013 Dy\u017curny : tel. (0-71) 387-06-17<\/p><\/p>\n                                            <\/div>\n                <\/div>\n            <\/div>\n                    \n            <div class=\"eael-image-accordion-hover eael-image-accordion-item\" style=\"background-image: url(http:\/\/trzebnica.home.pl\/drogi.trzebnica.pl\/wordpress\/wp-content\/uploads\/2021\/04\/trze1-1.png);\"  tabindex=\"0\">\n                <div class=\"overlay\">\n                    <div class=\"overlay-inner \">\n                        <a href=\"http:\/\/drogi.trzebnica.pl\/index.php\/odsniezanie-gmina-trzebnica-poludnie\/\"><h2 class=\"img-accordion-title\">Gmina Trzebnica -po\u0142udnie<\/h2><\/a>                            <p><p>OBW\u00d3D DROGOWY TRZEBNICA \u2013 Dy\u017curny : tel. (0-71) 387-06-17<\/p><\/p>\n                                            <\/div>\n                <\/div>\n            <\/div>\n                    \n            <div class=\"eael-image-accordion-hover eael-image-accordion-item\" style=\"background-image: url(http:\/\/trzebnica.home.pl\/drogi.trzebnica.pl\/wordpress\/wp-content\/uploads\/2021\/04\/zaw1.png);\"  tabindex=\"0\">\n                <div class=\"overlay\">\n                    <div class=\"overlay-inner \">\n                        <a href=\"http:\/\/drogi.trzebnica.pl\/index.php\/odsniezanie-gmina-zawonia\/\"><h2 class=\"img-accordion-title\">Gmina Zawonia<\/h2><\/a>                            <p><p>OBW\u00d3D DROGOWY TRZEBNICA \u2013 Dy\u017curny : tel. (0-71) 387-06-17<\/p><\/p>\n                                            <\/div>\n                <\/div>\n            <\/div>\n                    \n            <div class=\"eael-image-accordion-hover eael-image-accordion-item\" style=\"background-image: url(http:\/\/trzebnica.home.pl\/drogi.trzebnica.pl\/wordpress\/wp-content\/uploads\/2021\/04\/obor1.png);\"  tabindex=\"0\">\n                <div class=\"overlay\">\n                    <div class=\"overlay-inner \">\n                        <a href=\"http:\/\/drogi.trzebnica.pl\/index.php\/odsniezanie-gmina-oborniki-slaskie\/\"><h2 class=\"img-accordion-title\">Gmina Oborniki \u015al\u0105skie<\/h2><\/a>                            <p><p>OBW\u00d3D DROGOWY TRZEBNICA \u2013 Dy\u017curny : tel. (0-71) 387-06-17<\/p><\/p>\n                                            <\/div>\n                <\/div>\n            <\/div>\n                <\/div>\n        <style typr=\"text\/css\">\n                    #eael-img-accordion-ccb0fe0 .eael-image-accordion-hover:hover {\n                        flex: 3 1 0% !important;\n                    }\n                    #eael-img-accordion-ccb0fe0 .eael-image-accordion-hover:hover:hover .overlay-inner * {\n                        opacity: 1;\n                        visibility: visible;\n                        transform: none;\n                        transition: all .3s .3s;\n                    }\n                <\/style>\t\t<\/div>\n\t\t\t\t<\/div>\n\t\t\t\t\t<\/div>\n\t\t<\/div>\n\t\t\t\t\t\t\t<\/div>\n\t\t<\/section>\n\t\t\t\t\t\t<\/div>\n\t\t\t\t\t<\/div>\n\t\t","protected":false},"excerpt":{"rendered":"<p>Zarz\u0105d Dr\u00f3g Powiatowych w Trzebnicy administruje sieci\u0105 dr\u00f3g powiatowych o \u0142\u0105cznej d\u0142ugo\u015bci 429,164 km na terenie gmin: Trzebnica, Oborniki \u015al\u0105skie,<\/p>\n","protected":false},"author":1,"featured_media":0,"parent":0,"menu_order":0,"comment_status":"closed","ping_status":"closed","template":"","meta":{"footnotes":""},"class_list":["post-2355","page","type-page","status-publish","hentry"],"_links":{"self":[{"href":"http:\/\/drogi.trzebnica.pl\/index.php\/wp-json\/wp\/v2\/pages\/2355","targetHints":{"allow":["GET"]}}],"collection":[{"href":"http:\/\/drogi.trzebnica.pl\/index.php\/wp-json\/wp\/v2\/pages"}],"about":[{"href":"http:\/\/drogi.trzebnica.pl\/index.php\/wp-json\/wp\/v2\/types\/page"}],"author":[{"embeddable":true,"href":"http:\/\/drogi.trzebnica.pl\/index.php\/wp-json\/wp\/v2\/users\/1"}],"replies":[{"embeddable":true,"href":"http:\/\/drogi.trzebnica.pl\/index.php\/wp-json\/wp\/v2\/comments?post=2355"}],"version-history":[{"count":121,"href":"http:\/\/drogi.trzebnica.pl\/index.php\/wp-json\/wp\/v2\/pages\/2355\/revisions"}],"predecessor-version":[{"id":7623,"href":"http:\/\/drogi.trzebnica.pl\/index.php\/wp-json\/wp\/v2\/pages\/2355\/revisions\/7623"}],"wp:attachment":[{"href":"http:\/\/drogi.trzebnica.pl\/index.php\/wp-json\/wp\/v2\/media?parent=2355"}],"curies":[{"name":"wp","href":"https:\/\/api.w.org\/{rel}","templated":true}]}}