{"id":2444,"date":"2021-04-25T22:37:52","date_gmt":"2021-04-25T20:37:52","guid":{"rendered":"http:\/\/trzebnica.home.pl\/drogi.trzebnica.pl\/wordpress\/?page_id=2444"},"modified":"2024-03-05T14:39:15","modified_gmt":"2024-03-05T13:39:15","slug":"odsniezanie-gmina-zmigrod","status":"publish","type":"page","link":"http:\/\/drogi.trzebnica.pl\/index.php\/odsniezanie-gmina-zmigrod\/","title":{"rendered":"od\u015bnie\u017canie gmina \u017bmigr\u00f3d"},"content":{"rendered":"\t\t<div data-elementor-type=\"wp-page\" data-elementor-id=\"2444\" class=\"elementor elementor-2444\" data-elementor-settings=\"[]\">\n\t\t\t\t\t\t\t<div class=\"elementor-section-wrap\">\n\t\t\t\t\t\t\t<section class=\"elementor-section elementor-top-section elementor-element elementor-element-25c35a9f elementor-section-boxed elementor-section-height-default elementor-section-height-default\" data-id=\"25c35a9f\" data-element_type=\"section\">\n\t\t\t\t\t\t<div class=\"elementor-container elementor-column-gap-default\">\n\t\t\t\t\t<div class=\"elementor-column elementor-col-100 elementor-top-column elementor-element elementor-element-587bb6e0\" data-id=\"587bb6e0\" data-element_type=\"column\">\n\t\t\t<div class=\"elementor-widget-wrap elementor-element-populated\">\n\t\t\t\t\t\t\t\t<div class=\"elementor-element elementor-element-674713a4 elementor-mobile-align-center elementor-widget elementor-widget-post-info\" data-id=\"674713a4\" data-element_type=\"widget\" data-widget_type=\"post-info.default\">\n\t\t\t\t<div class=\"elementor-widget-container\">\n\t\t\t\t\t<ul class=\"elementor-inline-items elementor-icon-list-items elementor-post-info\">\n\t\t\t\t\t<li class=\"elementor-icon-list-item elementor-repeater-item-a339c7b elementor-inline-item\">\n\t\t\t\t\t\t\t\t\t\t<span class=\"elementor-icon-list-icon\">\n\t\t\t\t\t\t\t\t\t\t\t\t\t\t\t<\/span>\n\t\t\t\t\t\t\t\t\t<span class=\"elementor-icon-list-text elementor-post-info__item elementor-post-info__item--type-custom\">\n\t\t\t\t\t\t\t\t\t\tJeste\u015b tutaj\t\t\t\t\t<\/span>\n\t\t\t\t\t\t\t\t<\/li>\n\t\t\t\t<li class=\"elementor-icon-list-item elementor-repeater-item-97b0ec6 elementor-inline-item\">\n\t\t\t\t\t\t<a href=\"http:\/\/drogi.trzebnica.pl\/\">\n\t\t\t\t\t\t\t\t\t\t\t<span class=\"elementor-icon-list-icon\">\n\t\t\t\t\t\t\t\t<i aria-hidden=\"true\" class=\"fas fa-angle-double-right\"><\/i>\t\t\t\t\t\t\t<\/span>\n\t\t\t\t\t\t\t\t\t<span class=\"elementor-icon-list-text elementor-post-info__item elementor-post-info__item--type-custom\">\n\t\t\t\t\t\t\t\t\t\tStrona G\u0142\u00f3wna\t\t\t\t\t<\/span>\n\t\t\t\t\t\t\t\t\t<\/a>\n\t\t\t\t<\/li>\n\t\t\t\t<li class=\"elementor-icon-list-item elementor-repeater-item-cb45bd4 elementor-inline-item\">\n\t\t\t\t\t\t<a href=\"http:\/\/drogi.trzebnica.pl\/index.php\/zimowe-utrzymanie-drog\/\">\n\t\t\t\t\t\t\t\t\t\t\t<span class=\"elementor-icon-list-icon\">\n\t\t\t\t\t\t\t\t<i aria-hidden=\"true\" class=\"fas fa-angle-double-right\"><\/i>\t\t\t\t\t\t\t<\/span>\n\t\t\t\t\t\t\t\t\t<span class=\"elementor-icon-list-text elementor-post-info__item elementor-post-info__item--type-custom\">\n\t\t\t\t\t\t\t\t\t\tZimowe utrzymanie dr\u00f3g\t\t\t\t\t<\/span>\n\t\t\t\t\t\t\t\t\t<\/a>\n\t\t\t\t<\/li>\n\t\t\t\t<li class=\"elementor-icon-list-item elementor-repeater-item-ba9c996 elementor-inline-item\">\n\t\t\t\t\t\t<a href=\"http:\/\/drogi.trzebnica.pl\/index.php\/odsniezanie-gmina-zmigrod\/\">\n\t\t\t\t\t\t\t\t\t\t\t<span class=\"elementor-icon-list-icon\">\n\t\t\t\t\t\t\t\t<i aria-hidden=\"true\" class=\"fas fa-angle-double-right\"><\/i>\t\t\t\t\t\t\t<\/span>\n\t\t\t\t\t\t\t\t\t<span class=\"elementor-icon-list-text elementor-post-info__item elementor-post-info__item--type-custom\">\n\t\t\t\t\t\t\t\t\t\tod\u015bnie\u017canie gmina \u017bmigr\u00f3d\t\t\t\t\t<\/span>\n\t\t\t\t\t\t\t\t\t<\/a>\n\t\t\t\t<\/li>\n\t\t\t\t<\/ul>\n\t\t\t\t<\/div>\n\t\t\t\t<\/div>\n\t\t\t\t\t<\/div>\n\t\t<\/div>\n\t\t\t\t\t\t\t<\/div>\n\t\t<\/section>\n\t\t\t\t<section class=\"elementor-section elementor-top-section elementor-element elementor-element-ef60b56 elementor-section-boxed elementor-section-height-default elementor-section-height-default\" data-id=\"ef60b56\" data-element_type=\"section\">\n\t\t\t\t\t\t<div class=\"elementor-container elementor-column-gap-default\">\n\t\t\t\t\t<div class=\"elementor-column elementor-col-100 elementor-top-column elementor-element elementor-element-24b77d2\" data-id=\"24b77d2\" data-element_type=\"column\" data-settings=\"{&quot;background_background&quot;:&quot;classic&quot;}\">\n\t\t\t<div class=\"elementor-widget-wrap elementor-element-populated\">\n\t\t\t\t\t\t\t\t<div class=\"elementor-element elementor-element-f821903 elementor-widget elementor-widget-text-editor\" data-id=\"f821903\" data-element_type=\"widget\" data-widget_type=\"text-editor.default\">\n\t\t\t\t<div class=\"elementor-widget-container\">\n\t\t\t\t\t\t\t\t<h4><strong>\u017bMIGR\u00d3D<\/strong><\/h4><p>OBW\u00d3D DROGOWY \u017bMIGR\u00d3D \u2013 Dy\u017curny : tel. (0-71) 387 06 17, 609 881 722<\/p>\t\t\t\t\t\t<\/div>\n\t\t\t\t<\/div>\n\t\t\t\t<div class=\"elementor-element elementor-element-1968783 elementor-widget elementor-widget-heading\" data-id=\"1968783\" data-element_type=\"widget\" data-widget_type=\"heading.default\">\n\t\t\t\t<div class=\"elementor-widget-container\">\n\t\t\t<h2 class=\"elementor-heading-title elementor-size-default\"><b>Standard IV ZUD<\/b><\/h2>\t\t<\/div>\n\t\t\t\t<\/div>\n\t\t\t\t<div class=\"elementor-element elementor-element-1a3f8ba elementor-widget elementor-widget-eael-advanced-data-table\" data-id=\"1a3f8ba\" data-element_type=\"widget\" data-widget_type=\"eael-advanced-data-table.default\">\n\t\t\t\t<div class=\"elementor-widget-container\">\n\t\t\t<div class=\"ea-advanced-data-table-wrap\" data-id=\"1a3f8ba\"><div class=\"ea-advanced-data-table-search-wrap ea-advanced-data-table-search-right\"><input type=\"search\" placeholder=\"Wyszukaj\" class=\"ea-advanced-data-table-search\"><\/div><div class=\"ea-advanced-data-table-wrap-inner\">\n                <table class=\"ea-advanced-data-table ea-advanced-data-table-static ea-advanced-data-table-1a3f8ba ea-advanced-data-table-sortable ea-advanced-data-table-paginated ea-advanced-data-table-searchable\" data-id=\"1a3f8ba\" data-items-per-page=\"10\"><thead><tr><th style=\"width: 86px\"><p>L.p<\/p><\/th><th style=\"width: 171px\"><p>Nr Drogi<\/p><\/th><th style=\"width: 775px\"><p>Nazwa odcinka drogi<\/p><\/th><th><p>D\u0142ugo\u015b\u0107 w km<\/p><\/th><\/tr><\/thead><tbody><tr><td><p>1<\/p><\/td><td><p><span>1329D<\/span><\/p><\/td><td><p>Kaszyce Wielkie \u2013 \u017bmigr\u00f3d<\/p><\/td><td><p>10,667<\/p><\/td><\/tr><tr><td><p>2<\/p><\/td><td><p>1274D<\/p><\/td><td><p>Wi\u0144sko \u2013 \u017bmigr\u00f3d<\/p><\/td><td><p><span>9,292<\/span><\/p><\/td><\/tr><tr><td><p><br><\/p><\/td><td><p><br><\/p><\/td><td><p><strong>RAZEM<\/strong><\/p><\/td><td><p><strong>19,959<\/strong><\/p><\/td><\/tr><\/tbody><\/table>\n            <\/div><div class=\"ea-advanced-data-table-pagination ea-advanced-data-table-pagination-button clearfix\"><\/div><\/div>\t\t<\/div>\n\t\t\t\t<\/div>\n\t\t\t\t<div class=\"elementor-element elementor-element-8db1abe elementor-widget elementor-widget-heading\" data-id=\"8db1abe\" data-element_type=\"widget\" data-widget_type=\"heading.default\">\n\t\t\t\t<div class=\"elementor-widget-container\">\n\t\t\t<h2 class=\"elementor-heading-title elementor-size-default\"><b>Standard V ZUD<\/b>\n<\/h2>\t\t<\/div>\n\t\t\t\t<\/div>\n\t\t\t\t<div class=\"elementor-element elementor-element-176c420 elementor-widget elementor-widget-eael-advanced-data-table\" data-id=\"176c420\" data-element_type=\"widget\" data-widget_type=\"eael-advanced-data-table.default\">\n\t\t\t\t<div class=\"elementor-widget-container\">\n\t\t\t<div class=\"ea-advanced-data-table-wrap\" data-id=\"176c420\"><div class=\"ea-advanced-data-table-search-wrap ea-advanced-data-table-search-right\"><input type=\"search\" placeholder=\"Wyszukaj\" class=\"ea-advanced-data-table-search\"><\/div><div class=\"ea-advanced-data-table-wrap-inner\">\n                <table class=\"ea-advanced-data-table ea-advanced-data-table-static ea-advanced-data-table-176c420 ea-advanced-data-table-sortable ea-advanced-data-table-paginated ea-advanced-data-table-searchable\" data-id=\"176c420\" data-items-per-page=\"50\"><thead><tr><th><p>L.p<\/p><\/th><th><p>Nr Drogi<\/p><\/th><th><p>Nazwa odcinka drogi<\/p><\/th><th><p>D\u0142ugo\u015b\u0107 w km<\/p><\/th><\/tr><\/thead><tbody><tr><td><p>1<\/p><\/td><td><p><span>1110D<\/span><\/p><\/td><td><p>Unis\u0142aw \u2013 Garbce \u2013 Borek<\/p><\/td><td><p><span>10,245<\/span><\/p><\/td><\/tr><tr><td><p>2<\/p><\/td><td><p><span>1111D<\/span><\/p><\/td><td><p><span>Laskowa \u2013 Korzensko<\/span><\/p><\/td><td><p><span>6,114<\/span><\/p><\/td><\/tr><tr><td><p>3<\/p><\/td><td><p><span>1316D<\/span><\/p><\/td><td><p><span>Dr. Krajowa nr 5 \u2013 D\u0119bno<\/span><\/p><\/td><td><p><span>1,324<\/span><\/p><\/td><\/tr><tr><td><p>4<\/p><\/td><td><p><span>1317D<\/span><\/p><\/td><td><p><span>Korze\u0144sko \u2013 Chodlewo<\/span><\/p><\/td><td><p><span>2,053<\/span><\/p><\/td><\/tr><tr><td><p>5<\/p><\/td><td><p><span>1318D<\/span><\/p><\/td><td><p><span>Garbce \u2013 Korze\u0144sko<\/span><\/p><\/td><td><p><span>3,840<\/span><\/p><\/td><\/tr><tr><td><p>6<\/p><\/td><td><p><span>1319D<\/span><\/p><\/td><td><p><span>Czarny Las \u2013 dr. Woj. Nr 439<\/span><\/p><\/td><td><p><span>6,364<\/span><\/p><\/td><\/tr><tr><td><p>7<\/p><\/td><td><p><span>1320D<\/span><\/p><\/td><td><p><span>Gatka \u2013 Radzi\u0105dz<\/span><\/p><\/td><td><p><span>4,616<\/span><\/p><\/td><\/tr><tr><td><p>8<\/p><\/td><td><p><span>1321D<\/span><\/p><\/td><td><p><span>Radzi\u0105dz \u2013 Ruda \u017bmigrodzka \u2013 Osiek \u2013 Dobros\u0142awice<\/span><\/p><\/td><td><p><span>11,527<\/span><\/p><\/td><\/tr><tr><td><p>9<\/p><\/td><td><p><span>1322D<\/span><\/p><\/td><td><p>\u017bmigr\u00f3d \u2013 Ksi\u0105\u017c\u0119ca Wie\u015b<\/p><\/td><td><p><span>9,874<\/span><\/p><\/td><\/tr><tr><td><p>10<\/p><\/td><td><p><span>1323D<\/span><\/p><\/td><td><p>Barkowo \u2013 K\u0119dzie \u2013 Bychowo<\/p><\/td><td><p><span>6,079<\/span><\/p><\/td><\/tr><tr><td><p>11<\/p><\/td><td><p><span>1324D<\/span><\/p><\/td><td><p>Barkowo \u2013 Aleksandrowice (gr. Powiatu)<\/p><\/td><td><p><span>1,722<\/span><\/p><\/td><\/tr><tr><td><p>12<\/p><\/td><td><p><span>1325D<\/span><\/p><\/td><td><p><span>Barkowo \u2013 Szyd\u0142\u00f3w<\/span><\/p><\/td><td><p><span>1,612<\/span><\/p><\/td><\/tr><tr><td><p>13<\/p><\/td><td><p><span>1326D<\/span><\/p><\/td><td><p>De. Pow. Nr 1274D \u2013 \u0141apczyce<\/p><\/td><td><p><span>2,766<\/span><\/p><\/td><\/tr><tr><td><p>14<\/p><\/td><td><p><span>1328D<\/span><\/p><\/td><td><p><span>Borz\u0119cin \u2013 Morz\u0119cino<\/span><\/p><\/td><td><p><span>3,003<\/span><\/p><\/td><\/tr><tr><td><p>15<\/p><\/td><td><p><span>1403D<\/span><\/p><\/td><td><p><span>Gr. Pow. \u2013 Niezgoda<\/span><\/p><\/td><td><p><span>1,960<\/span><\/p><\/td><\/tr><tr><td><\/td><td><\/td><td><p><strong>RAZEM<\/strong><\/p><\/td><td><p><strong>73,099 km<\/strong><\/p><\/td><\/tr><tr><td><\/td><td><\/td><td><p><strong>OG\u00d3\u0141EM<\/strong><\/p><\/td><td><p><strong>93,058 km<\/strong><\/p><\/td><\/tr><\/tbody><\/table>\n            <\/div><div class=\"ea-advanced-data-table-pagination ea-advanced-data-table-pagination-button clearfix\"><\/div><\/div>\t\t<\/div>\n\t\t\t\t<\/div>\n\t\t\t\t\t<\/div>\n\t\t<\/div>\n\t\t\t\t\t\t\t<\/div>\n\t\t<\/section>\n\t\t\t\t\t\t<\/div>\n\t\t\t\t\t<\/div>\n\t\t","protected":false},"excerpt":{"rendered":"<p>\u017bMIGR\u00d3D OBW\u00d3D DROGOWY \u017bMIGR\u00d3D \u2013 Dy\u017curny : tel. (0-71) 387 06 17, 609 881 722 Standard IV ZUD L.p Nr<\/p>\n","protected":false},"author":1,"featured_media":0,"parent":0,"menu_order":0,"comment_status":"closed","ping_status":"closed","template":"","meta":{"footnotes":""},"class_list":["post-2444","page","type-page","status-publish","hentry"],"_links":{"self":[{"href":"http:\/\/drogi.trzebnica.pl\/index.php\/wp-json\/wp\/v2\/pages\/2444","targetHints":{"allow":["GET"]}}],"collection":[{"href":"http:\/\/drogi.trzebnica.pl\/index.php\/wp-json\/wp\/v2\/pages"}],"about":[{"href":"http:\/\/drogi.trzebnica.pl\/index.php\/wp-json\/wp\/v2\/types\/page"}],"author":[{"embeddable":true,"href":"http:\/\/drogi.trzebnica.pl\/index.php\/wp-json\/wp\/v2\/users\/1"}],"replies":[{"embeddable":true,"href":"http:\/\/drogi.trzebnica.pl\/index.php\/wp-json\/wp\/v2\/comments?post=2444"}],"version-history":[{"count":31,"href":"http:\/\/drogi.trzebnica.pl\/index.php\/wp-json\/wp\/v2\/pages\/2444\/revisions"}],"predecessor-version":[{"id":7626,"href":"http:\/\/drogi.trzebnica.pl\/index.php\/wp-json\/wp\/v2\/pages\/2444\/revisions\/7626"}],"wp:attachment":[{"href":"http:\/\/drogi.trzebnica.pl\/index.php\/wp-json\/wp\/v2\/media?parent=2444"}],"curies":[{"name":"wp","href":"https:\/\/api.w.org\/{rel}","templated":true}]}}