{"id":2469,"date":"2021-04-25T23:10:57","date_gmt":"2021-04-25T21:10:57","guid":{"rendered":"http:\/\/trzebnica.home.pl\/drogi.trzebnica.pl\/wordpress\/?page_id=2469"},"modified":"2021-05-15T17:10:24","modified_gmt":"2021-05-15T15:10:24","slug":"odsniezanie-gmina-trzebnica-poludnie","status":"publish","type":"page","link":"http:\/\/drogi.trzebnica.pl\/index.php\/odsniezanie-gmina-trzebnica-poludnie\/","title":{"rendered":"od\u015bnie\u017canie gmina Trzebnica po\u0142udnie"},"content":{"rendered":"\t\t<div data-elementor-type=\"wp-page\" data-elementor-id=\"2469\" class=\"elementor elementor-2469\" data-elementor-settings=\"[]\">\n\t\t\t\t\t\t\t<div class=\"elementor-section-wrap\">\n\t\t\t\t\t\t\t<section class=\"elementor-section elementor-top-section elementor-element elementor-element-54c882fa elementor-section-boxed elementor-section-height-default elementor-section-height-default\" data-id=\"54c882fa\" data-element_type=\"section\">\n\t\t\t\t\t\t<div class=\"elementor-container elementor-column-gap-default\">\n\t\t\t\t\t<div class=\"elementor-column elementor-col-100 elementor-top-column elementor-element elementor-element-75784397\" data-id=\"75784397\" data-element_type=\"column\">\n\t\t\t<div class=\"elementor-widget-wrap elementor-element-populated\">\n\t\t\t\t\t\t\t\t<div class=\"elementor-element elementor-element-e53cb58 elementor-mobile-align-center elementor-widget elementor-widget-post-info\" data-id=\"e53cb58\" data-element_type=\"widget\" data-widget_type=\"post-info.default\">\n\t\t\t\t<div class=\"elementor-widget-container\">\n\t\t\t\t\t<ul class=\"elementor-inline-items elementor-icon-list-items elementor-post-info\">\n\t\t\t\t\t<li class=\"elementor-icon-list-item elementor-repeater-item-a339c7b elementor-inline-item\">\n\t\t\t\t\t\t\t\t\t\t<span class=\"elementor-icon-list-icon\">\n\t\t\t\t\t\t\t\t\t\t\t\t\t\t\t<\/span>\n\t\t\t\t\t\t\t\t\t<span class=\"elementor-icon-list-text elementor-post-info__item elementor-post-info__item--type-custom\">\n\t\t\t\t\t\t\t\t\t\tJeste\u015b tutaj\t\t\t\t\t<\/span>\n\t\t\t\t\t\t\t\t<\/li>\n\t\t\t\t<li class=\"elementor-icon-list-item elementor-repeater-item-97b0ec6 elementor-inline-item\">\n\t\t\t\t\t\t<a href=\"http:\/\/drogi.trzebnica.pl\/\">\n\t\t\t\t\t\t\t\t\t\t\t<span class=\"elementor-icon-list-icon\">\n\t\t\t\t\t\t\t\t<i aria-hidden=\"true\" class=\"fas fa-angle-double-right\"><\/i>\t\t\t\t\t\t\t<\/span>\n\t\t\t\t\t\t\t\t\t<span class=\"elementor-icon-list-text elementor-post-info__item elementor-post-info__item--type-custom\">\n\t\t\t\t\t\t\t\t\t\tStrona G\u0142\u00f3wna\t\t\t\t\t<\/span>\n\t\t\t\t\t\t\t\t\t<\/a>\n\t\t\t\t<\/li>\n\t\t\t\t<li class=\"elementor-icon-list-item elementor-repeater-item-34b1560 elementor-inline-item\">\n\t\t\t\t\t\t<a href=\"http:\/\/drogi.trzebnica.pl\/index.php\/zimowe-utrzymanie-drog\/\">\n\t\t\t\t\t\t\t\t\t\t\t<span class=\"elementor-icon-list-icon\">\n\t\t\t\t\t\t\t\t<i aria-hidden=\"true\" class=\"fas fa-angle-double-right\"><\/i>\t\t\t\t\t\t\t<\/span>\n\t\t\t\t\t\t\t\t\t<span class=\"elementor-icon-list-text elementor-post-info__item elementor-post-info__item--type-custom\">\n\t\t\t\t\t\t\t\t\t\tZimowe utrzymanie dr\u00f3g\t\t\t\t\t<\/span>\n\t\t\t\t\t\t\t\t\t<\/a>\n\t\t\t\t<\/li>\n\t\t\t\t<li class=\"elementor-icon-list-item elementor-repeater-item-ba9c996 elementor-inline-item\">\n\t\t\t\t\t\t<a href=\"http:\/\/drogi.trzebnica.pl\/index.php\/odsniezanie-gmina-trzebnica-poludnie\/\">\n\t\t\t\t\t\t\t\t\t\t\t<span class=\"elementor-icon-list-icon\">\n\t\t\t\t\t\t\t\t<i aria-hidden=\"true\" class=\"fas fa-angle-double-right\"><\/i>\t\t\t\t\t\t\t<\/span>\n\t\t\t\t\t\t\t\t\t<span class=\"elementor-icon-list-text elementor-post-info__item elementor-post-info__item--type-custom\">\n\t\t\t\t\t\t\t\t\t\tod\u015bnie\u017canie gmina Trzebnica po\u0142udnie\t\t\t\t\t<\/span>\n\t\t\t\t\t\t\t\t\t<\/a>\n\t\t\t\t<\/li>\n\t\t\t\t<\/ul>\n\t\t\t\t<\/div>\n\t\t\t\t<\/div>\n\t\t\t\t\t<\/div>\n\t\t<\/div>\n\t\t\t\t\t\t\t<\/div>\n\t\t<\/section>\n\t\t\t\t<section class=\"elementor-section elementor-top-section elementor-element elementor-element-ef60b56 elementor-section-boxed elementor-section-height-default elementor-section-height-default\" data-id=\"ef60b56\" data-element_type=\"section\">\n\t\t\t\t\t\t<div class=\"elementor-container elementor-column-gap-default\">\n\t\t\t\t\t<div class=\"elementor-column elementor-col-100 elementor-top-column elementor-element elementor-element-24b77d2\" data-id=\"24b77d2\" data-element_type=\"column\" data-settings=\"{&quot;background_background&quot;:&quot;classic&quot;}\">\n\t\t\t<div class=\"elementor-widget-wrap elementor-element-populated\">\n\t\t\t\t\t\t\t\t<div class=\"elementor-element elementor-element-eb266c6 elementor-widget elementor-widget-text-editor\" data-id=\"eb266c6\" data-element_type=\"widget\" data-widget_type=\"text-editor.default\">\n\t\t\t\t<div class=\"elementor-widget-container\">\n\t\t\t\t\t\t\t\t<h4><strong>TRZEBNICA &#8211; PO\u0141UDNIE<\/strong><\/h4>\nOBW\u00d3D DROGOWY TRZEBNICA \u2013 Dy\u017curny : tel. (0-71) 387-06-17 \t\t\t\t\t\t<\/div>\n\t\t\t\t<\/div>\n\t\t\t\t<div class=\"elementor-element elementor-element-1968783 elementor-widget elementor-widget-heading\" data-id=\"1968783\" data-element_type=\"widget\" data-widget_type=\"heading.default\">\n\t\t\t\t<div class=\"elementor-widget-container\">\n\t\t\t<h2 class=\"elementor-heading-title elementor-size-default\"><b>Standard IV ZUD<\/b><\/h2>\t\t<\/div>\n\t\t\t\t<\/div>\n\t\t\t\t<div class=\"elementor-element elementor-element-1a3f8ba elementor-widget elementor-widget-eael-advanced-data-table\" data-id=\"1a3f8ba\" data-element_type=\"widget\" data-widget_type=\"eael-advanced-data-table.default\">\n\t\t\t\t<div class=\"elementor-widget-container\">\n\t\t\t<div class=\"ea-advanced-data-table-wrap\" data-id=\"1a3f8ba\"><div class=\"ea-advanced-data-table-search-wrap ea-advanced-data-table-search-right\"><input type=\"search\" placeholder=\"Wyszukaj\" class=\"ea-advanced-data-table-search\"><\/div><div class=\"ea-advanced-data-table-wrap-inner\">\n                <table class=\"ea-advanced-data-table ea-advanced-data-table-static ea-advanced-data-table-1a3f8ba ea-advanced-data-table-sortable ea-advanced-data-table-paginated ea-advanced-data-table-searchable\" data-id=\"1a3f8ba\" data-items-per-page=\"10\"><thead><tr><th><p>L.p<\/p><\/th><th><p>Nr Drogi<\/p><\/th><th><p>Nazwa odcinka drogi<\/p><\/th><th><p>D\u0142ugo\u015b\u0107 w km<\/p><\/th><\/tr><\/thead><tbody><tr><td><p>1<\/p><\/td><td><p><span>1341D<\/span><\/p><\/td><td><p>Trzebnica \u2013 Skarszyn- gr. powiatu<\/p><\/td><td><p><span>10,267<\/span><\/p><\/td><\/tr><tr><td><p>2<\/p><\/td><td><p><span>1345D<\/span><\/p><\/td><td><p>Trzebnica \u2013 Kowale \u2013 dr. woj. 340<\/p><\/td><td><p><span>10,845<\/span><\/p><\/td><\/tr><tr><td><p>3<\/p><\/td><td><p><span>1371D<\/span><\/p><\/td><td><p>Skarszyn\u2013 (Godziszowa) granica powiatu<\/p><\/td><td><p><span>1,400<\/span><\/p><\/td><\/tr><tr><td><p><br><\/p><\/td><td><p><br><\/p><\/td><td><p><strong>RAZEM<\/strong><\/p><\/td><td><p><strong>22,512 km<\/strong><\/p><\/td><\/tr><\/tbody><\/table>\n            <\/div><div class=\"ea-advanced-data-table-pagination ea-advanced-data-table-pagination-button clearfix\"><\/div><\/div>\t\t<\/div>\n\t\t\t\t<\/div>\n\t\t\t\t<div class=\"elementor-element elementor-element-8db1abe elementor-widget elementor-widget-heading\" data-id=\"8db1abe\" data-element_type=\"widget\" data-widget_type=\"heading.default\">\n\t\t\t\t<div class=\"elementor-widget-container\">\n\t\t\t<h2 class=\"elementor-heading-title elementor-size-default\"><b>Standard V ZUD<\/b><\/h2>\t\t<\/div>\n\t\t\t\t<\/div>\n\t\t\t\t<div class=\"elementor-element elementor-element-176c420 elementor-widget elementor-widget-eael-advanced-data-table\" data-id=\"176c420\" data-element_type=\"widget\" data-widget_type=\"eael-advanced-data-table.default\">\n\t\t\t\t<div class=\"elementor-widget-container\">\n\t\t\t<div class=\"ea-advanced-data-table-wrap\" data-id=\"176c420\"><div class=\"ea-advanced-data-table-search-wrap ea-advanced-data-table-search-right\"><input type=\"search\" placeholder=\"Wyszukaj\" class=\"ea-advanced-data-table-search\"><\/div><div class=\"ea-advanced-data-table-wrap-inner\">\n                <table class=\"ea-advanced-data-table ea-advanced-data-table-static ea-advanced-data-table-176c420 ea-advanced-data-table-sortable ea-advanced-data-table-paginated ea-advanced-data-table-searchable\" data-id=\"176c420\" data-items-per-page=\"50\"><thead><tr><th><p>L.p<\/p><\/th><th style=\"width: 184px\"><p>Nr Drogi<\/p><\/th><th style=\"width: 720px\"><p>Nazwa odcinka drogi<\/p><\/th><th><p>D\u0142ugo\u015b\u0107 w km<\/p><\/th><\/tr><\/thead><tbody><tr><td><p>1<\/p><\/td><td><p><span>1337D<\/span><\/p><\/td><td><p>S\u0119dzice \u2013 Brochocin<\/p><\/td><td><p><span>7,437<\/span><\/p><\/td><\/tr><tr><td><p>2<\/p><\/td><td><p><span>1340D<\/span><\/p><\/td><td><p><span>Dr. Woj. 340 \u2013 \u015awi\u0105tniki<\/span><\/p><\/td><td><p><span>1,911<\/span><\/p><\/td><\/tr><tr><td><p>3<\/p><\/td><td><p><span>1343D<\/span><\/p><\/td><td><p><span>Trzebnica \u2013 W\u0119grzyn\u00f3w-B\u0119dkowo<\/span><\/p><\/td><td><p><span>3,636<\/span><\/p><\/td><\/tr><tr><td><p>4<\/p><\/td><td><p><span>1344D<\/span><\/p><\/td><td><p><span>Malcz\u00f3w \u2013 dr. Woj. Nr 340<\/span><\/p><\/td><td><p><span>1,752<\/span><\/p><\/td><\/tr><tr><td><p>5<\/p><\/td><td><p><span>1346D<\/span><\/p><\/td><td><p>Piekary \u2013 Przec\u0142awice<\/p><\/td><td><p><span>1,884<\/span><\/p><\/td><\/tr><tr><td><p>6<\/p><\/td><td><p><span>1336D<\/span><\/p><\/td><td><p>Ligota \u2013Sucha W. \u2013dr nr 340<\/p><\/td><td><p><span>5,441<\/span><\/p><\/td><\/tr><tr><td><p>7<\/p><\/td><td><p><span>1338D<\/span><\/p><\/td><td><p><span>Czachowo \u2013 Rad\u0142\u00f3w<\/span><\/p><\/td><td><p><span>1,202<\/span><\/p><\/td><\/tr><tr><td><p>8<\/p><\/td><td><p><span>1339D<\/span><\/p><\/td><td><p>G\u0142uch\u00f3w Dolny \u2013 Skotniki<\/p><\/td><td><p><span>3,557<\/span><\/p><\/td><\/tr><tr><td><\/td><td><\/td><td><p><strong>RAZEM<\/strong><\/p><\/td><td><p><strong>26,820 km<\/strong><\/p><\/td><\/tr><tr><td><\/td><td><\/td><td><p><strong>OG\u00d3\u0141EM<\/strong><\/p><\/td><td><p><strong>49,332 km<\/strong><\/p><\/td><\/tr><\/tbody><\/table>\n            <\/div><div class=\"ea-advanced-data-table-pagination ea-advanced-data-table-pagination-button clearfix\"><\/div><\/div>\t\t<\/div>\n\t\t\t\t<\/div>\n\t\t\t\t\t<\/div>\n\t\t<\/div>\n\t\t\t\t\t\t\t<\/div>\n\t\t<\/section>\n\t\t\t\t\t\t<\/div>\n\t\t\t\t\t<\/div>\n\t\t","protected":false},"excerpt":{"rendered":"<p>TRZEBNICA &#8211; PO\u0141UDNIE OBW\u00d3D DROGOWY TRZEBNICA \u2013 Dy\u017curny : tel. (0-71) 387-06-17 Standard IV ZUD L.p Nr Drogi Nazwa odcinka<\/p>\n","protected":false},"author":1,"featured_media":0,"parent":0,"menu_order":0,"comment_status":"closed","ping_status":"closed","template":"","meta":{"footnotes":""},"class_list":["post-2469","page","type-page","status-publish","hentry"],"_links":{"self":[{"href":"http:\/\/drogi.trzebnica.pl\/index.php\/wp-json\/wp\/v2\/pages\/2469","targetHints":{"allow":["GET"]}}],"collection":[{"href":"http:\/\/drogi.trzebnica.pl\/index.php\/wp-json\/wp\/v2\/pages"}],"about":[{"href":"http:\/\/drogi.trzebnica.pl\/index.php\/wp-json\/wp\/v2\/types\/page"}],"author":[{"embeddable":true,"href":"http:\/\/drogi.trzebnica.pl\/index.php\/wp-json\/wp\/v2\/users\/1"}],"replies":[{"embeddable":true,"href":"http:\/\/drogi.trzebnica.pl\/index.php\/wp-json\/wp\/v2\/comments?post=2469"}],"version-history":[{"count":34,"href":"http:\/\/drogi.trzebnica.pl\/index.php\/wp-json\/wp\/v2\/pages\/2469\/revisions"}],"predecessor-version":[{"id":6327,"href":"http:\/\/drogi.trzebnica.pl\/index.php\/wp-json\/wp\/v2\/pages\/2469\/revisions\/6327"}],"wp:attachment":[{"href":"http:\/\/drogi.trzebnica.pl\/index.php\/wp-json\/wp\/v2\/media?parent=2469"}],"curies":[{"name":"wp","href":"https:\/\/api.w.org\/{rel}","templated":true}]}}