{"id":3088,"date":"2021-05-01T23:25:58","date_gmt":"2021-05-01T21:25:58","guid":{"rendered":"http:\/\/trzebnica.home.pl\/drogi.trzebnica.pl\/wordpress\/?page_id=3088"},"modified":"2021-05-15T17:04:36","modified_gmt":"2021-05-15T15:04:36","slug":"inwestycje","status":"publish","type":"page","link":"http:\/\/drogi.trzebnica.pl\/index.php\/inwestycje\/","title":{"rendered":"Inwestycje"},"content":{"rendered":"\t\t<div data-elementor-type=\"wp-page\" data-elementor-id=\"3088\" class=\"elementor elementor-3088\" data-elementor-settings=\"[]\">\n\t\t\t\t\t\t\t<div class=\"elementor-section-wrap\">\n\t\t\t\t\t\t\t<section class=\"elementor-section elementor-top-section elementor-element elementor-element-314f72af elementor-section-boxed elementor-section-height-default elementor-section-height-default\" data-id=\"314f72af\" data-element_type=\"section\">\n\t\t\t\t\t\t<div class=\"elementor-container elementor-column-gap-default\">\n\t\t\t\t\t<div class=\"elementor-column elementor-col-100 elementor-top-column elementor-element elementor-element-5bfb8e4c\" data-id=\"5bfb8e4c\" data-element_type=\"column\">\n\t\t\t<div class=\"elementor-widget-wrap elementor-element-populated\">\n\t\t\t\t\t\t\t\t<div class=\"elementor-element elementor-element-552b8493 elementor-mobile-align-center elementor-widget elementor-widget-post-info\" data-id=\"552b8493\" data-element_type=\"widget\" data-widget_type=\"post-info.default\">\n\t\t\t\t<div class=\"elementor-widget-container\">\n\t\t\t\t\t<ul class=\"elementor-inline-items elementor-icon-list-items elementor-post-info\">\n\t\t\t\t\t<li class=\"elementor-icon-list-item elementor-repeater-item-a339c7b elementor-inline-item\">\n\t\t\t\t\t\t\t\t\t\t<span class=\"elementor-icon-list-icon\">\n\t\t\t\t\t\t\t\t\t\t\t\t\t\t\t<\/span>\n\t\t\t\t\t\t\t\t\t<span class=\"elementor-icon-list-text elementor-post-info__item elementor-post-info__item--type-custom\">\n\t\t\t\t\t\t\t\t\t\tJeste\u015b tutaj\t\t\t\t\t<\/span>\n\t\t\t\t\t\t\t\t<\/li>\n\t\t\t\t<li class=\"elementor-icon-list-item elementor-repeater-item-97b0ec6 elementor-inline-item\">\n\t\t\t\t\t\t<a href=\"http:\/\/drogi.trzebnica.pl\/\">\n\t\t\t\t\t\t\t\t\t\t\t<span class=\"elementor-icon-list-icon\">\n\t\t\t\t\t\t\t\t<i aria-hidden=\"true\" class=\"fas fa-angle-double-right\"><\/i>\t\t\t\t\t\t\t<\/span>\n\t\t\t\t\t\t\t\t\t<span class=\"elementor-icon-list-text elementor-post-info__item elementor-post-info__item--type-custom\">\n\t\t\t\t\t\t\t\t\t\tStrona G\u0142\u00f3wna\t\t\t\t\t<\/span>\n\t\t\t\t\t\t\t\t\t<\/a>\n\t\t\t\t<\/li>\n\t\t\t\t<li class=\"elementor-icon-list-item elementor-repeater-item-ba9c996 elementor-inline-item\">\n\t\t\t\t\t\t<a href=\"http:\/\/drogi.trzebnica.pl\/index.php\/inwestycje\/\">\n\t\t\t\t\t\t\t\t\t\t\t<span class=\"elementor-icon-list-icon\">\n\t\t\t\t\t\t\t\t<i aria-hidden=\"true\" class=\"fas fa-angle-double-right\"><\/i>\t\t\t\t\t\t\t<\/span>\n\t\t\t\t\t\t\t\t\t<span class=\"elementor-icon-list-text elementor-post-info__item elementor-post-info__item--type-custom\">\n\t\t\t\t\t\t\t\t\t\tInwestycje\t\t\t\t\t<\/span>\n\t\t\t\t\t\t\t\t\t<\/a>\n\t\t\t\t<\/li>\n\t\t\t\t<\/ul>\n\t\t\t\t<\/div>\n\t\t\t\t<\/div>\n\t\t\t\t\t<\/div>\n\t\t<\/div>\n\t\t\t\t\t\t\t<\/div>\n\t\t<\/section>\n\t\t\t\t<section class=\"elementor-section elementor-top-section elementor-element elementor-element-6e017eec elementor-section-boxed elementor-section-height-default elementor-section-height-default\" data-id=\"6e017eec\" data-element_type=\"section\">\n\t\t\t\t\t\t<div class=\"elementor-container elementor-column-gap-default\">\n\t\t\t\t\t<div class=\"elementor-column elementor-col-100 elementor-top-column elementor-element elementor-element-3935a78d\" data-id=\"3935a78d\" data-element_type=\"column\" data-settings=\"{&quot;background_background&quot;:&quot;classic&quot;}\">\n\t\t\t<div class=\"elementor-widget-wrap elementor-element-populated\">\n\t\t\t\t\t\t\t\t\t<\/div>\n\t\t<\/div>\n\t\t\t\t\t\t\t<\/div>\n\t\t<\/section>\n\t\t\t\t<section class=\"elementor-section elementor-top-section elementor-element elementor-element-fad375f elementor-section-boxed elementor-section-height-default elementor-section-height-default\" data-id=\"fad375f\" data-element_type=\"section\">\n\t\t\t\t\t\t<div class=\"elementor-container elementor-column-gap-default\">\n\t\t\t\t\t<div class=\"elementor-column elementor-col-100 elementor-top-column elementor-element elementor-element-91360c7\" data-id=\"91360c7\" data-element_type=\"column\" data-settings=\"{&quot;background_background&quot;:&quot;classic&quot;}\">\n\t\t\t<div class=\"elementor-widget-wrap elementor-element-populated\">\n\t\t\t\t\t\t\t\t<div class=\"elementor-element elementor-element-8936a13 elementor-grid-3 elementor-grid-tablet-2 elementor-grid-mobile-1 elementor-posts--thumbnail-top elementor-card-shadow-yes elementor-posts__hover-gradient elementor-invisible elementor-widget elementor-widget-posts\" data-id=\"8936a13\" data-element_type=\"widget\" data-settings=\"{&quot;_animation&quot;:&quot;bounceInUp&quot;,&quot;cards_columns&quot;:&quot;3&quot;,&quot;cards_columns_tablet&quot;:&quot;2&quot;,&quot;cards_columns_mobile&quot;:&quot;1&quot;,&quot;cards_row_gap&quot;:{&quot;unit&quot;:&quot;px&quot;,&quot;size&quot;:35,&quot;sizes&quot;:[]}}\" data-widget_type=\"posts.cards\">\n\t\t\t\t<div class=\"elementor-widget-container\">\n\t\t\t\t\t<div class=\"elementor-posts-container elementor-posts elementor-posts--skin-cards elementor-grid\">\n\t\t\t\t<article class=\"elementor-post elementor-grid-item post-4566 post type-post status-publish format-standard has-post-thumbnail hentry category-inwestycje-drogowe-powiatu-trzebnickiego\">\n\t\t\t<div class=\"elementor-post__card\">\n\t\t\t\t<a class=\"elementor-post__thumbnail__link\" href=\"http:\/\/drogi.trzebnica.pl\/index.php\/2019\/10\/30\/rozpoczecie-przebudowy-drogi-powiatowej-nr-1326-d-w-lapczycach\/\" >\n\t\t\t<div class=\"elementor-post__thumbnail\"><img loading=\"lazy\" decoding=\"async\" width=\"800\" height=\"450\" src=\"http:\/\/drogi.trzebnica.pl\/wp-content\/uploads\/2019\/10\/1326D-1024x576.jpg\" class=\"attachment-large size-large\" alt=\"\" srcset=\"http:\/\/drogi.trzebnica.pl\/wp-content\/uploads\/2019\/10\/1326D-1024x576.jpg 1024w, http:\/\/drogi.trzebnica.pl\/wp-content\/uploads\/2019\/10\/1326D-300x169.jpg 300w, http:\/\/drogi.trzebnica.pl\/wp-content\/uploads\/2019\/10\/1326D-768x432.jpg 768w, http:\/\/drogi.trzebnica.pl\/wp-content\/uploads\/2019\/10\/1326D-1536x864.jpg 1536w, http:\/\/drogi.trzebnica.pl\/wp-content\/uploads\/2019\/10\/1326D-2048x1152.jpg 2048w\" sizes=\"auto, (max-width: 800px) 100vw, 800px\" \/><\/div>\n\t\t<\/a>\n\t\t\t\t<div class=\"elementor-post__text\">\n\t\t\t\t<h3 class=\"elementor-post__title\">\n\t\t\t<a href=\"http:\/\/drogi.trzebnica.pl\/index.php\/2019\/10\/30\/rozpoczecie-przebudowy-drogi-powiatowej-nr-1326-d-w-lapczycach\/\" >\n\t\t\t\tRozpocz\u0119cie przebudowy drogi powiatowej nr 1326 D w \u0141apczycach.\t\t\t<\/a>\n\t\t<\/h3>\n\t\t\t\t<div class=\"elementor-post__excerpt\">\n\t\t\t<p>W dniu 30.10.2019 r. w miejscowo\u015bci \u0141apczyce mia\u0142 miejsce komisyjny przegl\u0105d rozpocz\u0119cia wykonywania prac na drodze powiatowej nr 1326 D<\/p>\n\t\t<\/div>\n\t\t\t\t\t<a class=\"elementor-post__read-more\" href=\"http:\/\/drogi.trzebnica.pl\/index.php\/2019\/10\/30\/rozpoczecie-przebudowy-drogi-powiatowej-nr-1326-d-w-lapczycach\/\" >\n\t\t\t\tCZYTAJ WI\u0118CEJ \u00bb\t\t\t<\/a>\n\t\t\t\t<\/div>\n\t\t\t\t<div class=\"elementor-post__meta-data\">\n\t\t\t\t\t<span class=\"elementor-post-author\">\n\t\t\tRyszard Paprotny\t\t<\/span>\n\t\t\t\t<span class=\"elementor-post-date\">\n\t\t\t30 pa\u017adziernika 2019\t\t<\/span>\n\t\t\t\t<span class=\"elementor-post-time\">\n\t\t\t14:58\t\t<\/span>\n\t\t\t\t<\/div>\n\t\t\t\t\t<\/div>\n\t\t<\/article>\n\t\t\t\t<article class=\"elementor-post elementor-grid-item post-4565 post type-post status-publish format-standard has-post-thumbnail hentry category-inwestycje-drogowe-powiatu-trzebnickiego\">\n\t\t\t<div class=\"elementor-post__card\">\n\t\t\t\t<a class=\"elementor-post__thumbnail__link\" href=\"http:\/\/drogi.trzebnica.pl\/index.php\/2019\/02\/21\/obecnie-wykonywane-prace-biezacego-utrzymania-drog-powiatowych\/\" >\n\t\t\t<div class=\"elementor-post__thumbnail\"><img loading=\"lazy\" decoding=\"async\" width=\"800\" height=\"533\" src=\"http:\/\/drogi.trzebnica.pl\/wp-content\/uploads\/2019\/02\/road-construction-192894_1280-1024x682.jpg\" class=\"attachment-large size-large\" alt=\"\" srcset=\"http:\/\/drogi.trzebnica.pl\/wp-content\/uploads\/2019\/02\/road-construction-192894_1280-1024x682.jpg 1024w, http:\/\/drogi.trzebnica.pl\/wp-content\/uploads\/2019\/02\/road-construction-192894_1280-300x200.jpg 300w, http:\/\/drogi.trzebnica.pl\/wp-content\/uploads\/2019\/02\/road-construction-192894_1280-768x512.jpg 768w, http:\/\/drogi.trzebnica.pl\/wp-content\/uploads\/2019\/02\/road-construction-192894_1280.jpg 1280w\" sizes=\"auto, (max-width: 800px) 100vw, 800px\" \/><\/div>\n\t\t<\/a>\n\t\t\t\t<div class=\"elementor-post__text\">\n\t\t\t\t<h3 class=\"elementor-post__title\">\n\t\t\t<a href=\"http:\/\/drogi.trzebnica.pl\/index.php\/2019\/02\/21\/obecnie-wykonywane-prace-biezacego-utrzymania-drog-powiatowych\/\" >\n\t\t\t\tObecnie wykonywane prace bie\u017c\u0105cego utrzymania dr\u00f3g powiatowych.\t\t\t<\/a>\n\t\t<\/h3>\n\t\t\t\t<div class=\"elementor-post__excerpt\">\n\t\t\t<p>W zwi\u0105zku z licznymi zg\u0142oszeniami u\u017cytkownik\u00f3w dr\u00f3g powiatowych dotycz\u0105cych wystaj\u0105cych w stron\u0119 jezdni ga\u0142\u0119zi krzak\u00f3w powoduj\u0105cych zaw\u0119\u017cenie pasa ruchu na<\/p>\n\t\t<\/div>\n\t\t\t\t\t<a class=\"elementor-post__read-more\" href=\"http:\/\/drogi.trzebnica.pl\/index.php\/2019\/02\/21\/obecnie-wykonywane-prace-biezacego-utrzymania-drog-powiatowych\/\" >\n\t\t\t\tCZYTAJ WI\u0118CEJ \u00bb\t\t\t<\/a>\n\t\t\t\t<\/div>\n\t\t\t\t<div class=\"elementor-post__meta-data\">\n\t\t\t\t\t<span class=\"elementor-post-author\">\n\t\t\tRyszard Paprotny\t\t<\/span>\n\t\t\t\t<span class=\"elementor-post-date\">\n\t\t\t21 lutego 2019\t\t<\/span>\n\t\t\t\t<span class=\"elementor-post-time\">\n\t\t\t07:52\t\t<\/span>\n\t\t\t\t<\/div>\n\t\t\t\t\t<\/div>\n\t\t<\/article>\n\t\t\t\t<article class=\"elementor-post elementor-grid-item post-1695 post type-post status-publish format-standard has-post-thumbnail hentry category-inwestycje-drogowe-powiatu-trzebnickiego\">\n\t\t\t<div class=\"elementor-post__card\">\n\t\t\t\t<a class=\"elementor-post__thumbnail__link\" href=\"http:\/\/drogi.trzebnica.pl\/index.php\/2018\/10\/19\/podpisano-umowe-na-wykonanie-remontu-czesci-drogi-powiatowej-nr-1361-d-lubnow-na-odcinku-od-skrzyzowania-z-droga-wojewodzka-nr-341-bez-tego-skrzyzowania-w-strone-miejscowosci-lubnow-gmina-oborniki\/\" >\n\t\t\t<div class=\"elementor-post__thumbnail\"><img loading=\"lazy\" decoding=\"async\" width=\"780\" height=\"400\" src=\"http:\/\/drogi.trzebnica.pl\/wp-content\/uploads\/2018\/10\/podpisanie-umowy-dr.-Lubnow-780x400-1.jpg\" class=\"attachment-large size-large\" alt=\"\" srcset=\"http:\/\/drogi.trzebnica.pl\/wp-content\/uploads\/2018\/10\/podpisanie-umowy-dr.-Lubnow-780x400-1.jpg 780w, http:\/\/drogi.trzebnica.pl\/wp-content\/uploads\/2018\/10\/podpisanie-umowy-dr.-Lubnow-780x400-1-300x154.jpg 300w, http:\/\/drogi.trzebnica.pl\/wp-content\/uploads\/2018\/10\/podpisanie-umowy-dr.-Lubnow-780x400-1-768x394.jpg 768w\" sizes=\"auto, (max-width: 780px) 100vw, 780px\" \/><\/div>\n\t\t<\/a>\n\t\t\t\t<div class=\"elementor-post__text\">\n\t\t\t\t<h3 class=\"elementor-post__title\">\n\t\t\t<a href=\"http:\/\/drogi.trzebnica.pl\/index.php\/2018\/10\/19\/podpisano-umowe-na-wykonanie-remontu-czesci-drogi-powiatowej-nr-1361-d-lubnow-na-odcinku-od-skrzyzowania-z-droga-wojewodzka-nr-341-bez-tego-skrzyzowania-w-strone-miejscowosci-lubnow-gmina-oborniki\/\" >\n\t\t\t\tPodpisano umow\u0119 na wykonanie remontu cz\u0119\u015bci drogi powiatowej nr 1361 D Lubn\u00f3w na odcinku od skrzy\u017cowania z drog\u0105 wojew\u00f3dzk\u0105 nr 341 (bez tego skrzy\u017cowania) w stron\u0119 miejscowo\u015bci Lubn\u00f3w. Gmina Oborniki \u015al\u0105skie.\t\t\t<\/a>\n\t\t<\/h3>\n\t\t\t\t<div class=\"elementor-post__excerpt\">\n\t\t\t<p>W dniu 19.10.2018 r. w Starostwie Powiatowym w Trzebnicy mia\u0142o miejsce podpisanie umowy dla zadania polegaj\u0105cego na wykonaniu remontu cz\u0119\u015bci<\/p>\n\t\t<\/div>\n\t\t\t\t\t<a class=\"elementor-post__read-more\" href=\"http:\/\/drogi.trzebnica.pl\/index.php\/2018\/10\/19\/podpisano-umowe-na-wykonanie-remontu-czesci-drogi-powiatowej-nr-1361-d-lubnow-na-odcinku-od-skrzyzowania-z-droga-wojewodzka-nr-341-bez-tego-skrzyzowania-w-strone-miejscowosci-lubnow-gmina-oborniki\/\" >\n\t\t\t\tCZYTAJ WI\u0118CEJ \u00bb\t\t\t<\/a>\n\t\t\t\t<\/div>\n\t\t\t\t<div class=\"elementor-post__meta-data\">\n\t\t\t\t\t<span class=\"elementor-post-author\">\n\t\t\tRyszard Paprotny\t\t<\/span>\n\t\t\t\t<span class=\"elementor-post-date\">\n\t\t\t19 pa\u017adziernika 2018\t\t<\/span>\n\t\t\t\t<span class=\"elementor-post-time\">\n\t\t\t12:45\t\t<\/span>\n\t\t\t\t<\/div>\n\t\t\t\t\t<\/div>\n\t\t<\/article>\n\t\t\t\t<article class=\"elementor-post elementor-grid-item post-4564 post type-post status-publish format-standard has-post-thumbnail hentry category-inwestycje-drogowe-powiatu-trzebnickiego\">\n\t\t\t<div class=\"elementor-post__card\">\n\t\t\t\t<a class=\"elementor-post__thumbnail__link\" href=\"http:\/\/drogi.trzebnica.pl\/index.php\/2018\/10\/19\/trwaja-prace-przy-realizacji-zadania-pn-modernizacja-drogi-powiatowej-nr-1274-d-na-odcinku-barkowo-zmigrod-etap-i-za-skrzyzowaniem-z-droga-powiatowa-nr-1326-d-lapczyce-do-m-zmigrod\/\" >\n\t\t\t<div class=\"elementor-post__thumbnail\"><img loading=\"lazy\" decoding=\"async\" width=\"800\" height=\"450\" src=\"http:\/\/drogi.trzebnica.pl\/wp-content\/uploads\/2018\/10\/1-droga-Zmigrod-1024x576.jpg\" class=\"attachment-large size-large\" alt=\"\" srcset=\"http:\/\/drogi.trzebnica.pl\/wp-content\/uploads\/2018\/10\/1-droga-Zmigrod-1024x576.jpg 1024w, http:\/\/drogi.trzebnica.pl\/wp-content\/uploads\/2018\/10\/1-droga-Zmigrod-300x169.jpg 300w, http:\/\/drogi.trzebnica.pl\/wp-content\/uploads\/2018\/10\/1-droga-Zmigrod-768x432.jpg 768w, http:\/\/drogi.trzebnica.pl\/wp-content\/uploads\/2018\/10\/1-droga-Zmigrod-1536x864.jpg 1536w, http:\/\/drogi.trzebnica.pl\/wp-content\/uploads\/2018\/10\/1-droga-Zmigrod-2048x1152.jpg 2048w\" sizes=\"auto, (max-width: 800px) 100vw, 800px\" \/><\/div>\n\t\t<\/a>\n\t\t\t\t<div class=\"elementor-post__text\">\n\t\t\t\t<h3 class=\"elementor-post__title\">\n\t\t\t<a href=\"http:\/\/drogi.trzebnica.pl\/index.php\/2018\/10\/19\/trwaja-prace-przy-realizacji-zadania-pn-modernizacja-drogi-powiatowej-nr-1274-d-na-odcinku-barkowo-zmigrod-etap-i-za-skrzyzowaniem-z-droga-powiatowa-nr-1326-d-lapczyce-do-m-zmigrod\/\" >\n\t\t\t\tTrwaj\u0105 prace przy realizacji zadania pn.: ,,Modernizacja drogi powiatowej nr 1274 D na odcinku Barkowo-\u017bmigr\u00f3d: ETAP I za skrzy\u017cowaniem z drog\u0105 powiatow\u0105 nr 1326 D (\u0141apczyce) do m. \u017bmigr\u00f3d\u2019\u2019. Gmina \u017bmigr\u00f3d.\t\t\t<\/a>\n\t\t<\/h3>\n\t\t\t\t<div class=\"elementor-post__excerpt\">\n\t\t\t<p>Wykonawc\u0105 zadania po przeprowadzonym post\u0119powaniu przetargowym w trybie przetargu nieograniczonego jest Przedsi\u0119biorstwo Budowy Dr\u00f3g i Most\u00f3w KOBYLARNIA S.A., Kobylarnia 8,<\/p>\n\t\t<\/div>\n\t\t\t\t\t<a class=\"elementor-post__read-more\" href=\"http:\/\/drogi.trzebnica.pl\/index.php\/2018\/10\/19\/trwaja-prace-przy-realizacji-zadania-pn-modernizacja-drogi-powiatowej-nr-1274-d-na-odcinku-barkowo-zmigrod-etap-i-za-skrzyzowaniem-z-droga-powiatowa-nr-1326-d-lapczyce-do-m-zmigrod\/\" >\n\t\t\t\tCZYTAJ WI\u0118CEJ \u00bb\t\t\t<\/a>\n\t\t\t\t<\/div>\n\t\t\t\t<div class=\"elementor-post__meta-data\">\n\t\t\t\t\t<span class=\"elementor-post-author\">\n\t\t\tRyszard Paprotny\t\t<\/span>\n\t\t\t\t<span class=\"elementor-post-date\">\n\t\t\t19 pa\u017adziernika 2018\t\t<\/span>\n\t\t\t\t<span class=\"elementor-post-time\">\n\t\t\t07:22\t\t<\/span>\n\t\t\t\t<\/div>\n\t\t\t\t\t<\/div>\n\t\t<\/article>\n\t\t\t\t<article class=\"elementor-post elementor-grid-item post-4563 post type-post status-publish format-standard has-post-thumbnail hentry category-inwestycje-drogowe-powiatu-trzebnickiego\">\n\t\t\t<div class=\"elementor-post__card\">\n\t\t\t\t<a class=\"elementor-post__thumbnail__link\" href=\"http:\/\/drogi.trzebnica.pl\/index.php\/2018\/10\/18\/podpisano-umowe-na-realizacje-zadania-pn-przebudowa-drogi-powiatowej-nr-1319-d-na-odcinku-od-skrzyzowania-z-droga-powiatowa-nr-1110-d-w-miejscowosci-nowe-domy-w-strone-drogi-wojewodzkiej-nr-439\/\" >\n\t\t\t<div class=\"elementor-post__thumbnail\"><img loading=\"lazy\" decoding=\"async\" width=\"800\" height=\"533\" src=\"http:\/\/drogi.trzebnica.pl\/wp-content\/uploads\/2018\/10\/podpisanie-umowy-droga-Nowe-Domy.jpg\" class=\"attachment-large size-large\" alt=\"\" srcset=\"http:\/\/drogi.trzebnica.pl\/wp-content\/uploads\/2018\/10\/podpisanie-umowy-droga-Nowe-Domy.jpg 960w, http:\/\/drogi.trzebnica.pl\/wp-content\/uploads\/2018\/10\/podpisanie-umowy-droga-Nowe-Domy-300x200.jpg 300w, http:\/\/drogi.trzebnica.pl\/wp-content\/uploads\/2018\/10\/podpisanie-umowy-droga-Nowe-Domy-768x512.jpg 768w\" sizes=\"auto, (max-width: 800px) 100vw, 800px\" \/><\/div>\n\t\t<\/a>\n\t\t\t\t<div class=\"elementor-post__text\">\n\t\t\t\t<h3 class=\"elementor-post__title\">\n\t\t\t<a href=\"http:\/\/drogi.trzebnica.pl\/index.php\/2018\/10\/18\/podpisano-umowe-na-realizacje-zadania-pn-przebudowa-drogi-powiatowej-nr-1319-d-na-odcinku-od-skrzyzowania-z-droga-powiatowa-nr-1110-d-w-miejscowosci-nowe-domy-w-strone-drogi-wojewodzkiej-nr-439\/\" >\n\t\t\t\tPodpisano umow\u0119 na realizacj\u0119 zadania pn.: ,,Przebudowa drogi  powiatowej nr 1319 D na odcinku od skrzy\u017cowania z drog\u0105 powiatow\u0105 nr 1110 D w miejscowo\u015bci Nowe Domy w stron\u0119 drogi wojew\u00f3dzkiej nr 439, gm. \u017bmigr\u00f3d&#8221;.\t\t\t<\/a>\n\t\t<\/h3>\n\t\t\t\t<div class=\"elementor-post__excerpt\">\n\t\t\t<p>W dniu 15.10.2018 r. w Starostwie Powiatowym w Trzebnicy podpisano umow\u0119 na realizacj\u0119 zadania pn. ,,Przebudowa drogi powiatowej nr 1319<\/p>\n\t\t<\/div>\n\t\t\t\t\t<a class=\"elementor-post__read-more\" href=\"http:\/\/drogi.trzebnica.pl\/index.php\/2018\/10\/18\/podpisano-umowe-na-realizacje-zadania-pn-przebudowa-drogi-powiatowej-nr-1319-d-na-odcinku-od-skrzyzowania-z-droga-powiatowa-nr-1110-d-w-miejscowosci-nowe-domy-w-strone-drogi-wojewodzkiej-nr-439\/\" >\n\t\t\t\tCZYTAJ WI\u0118CEJ \u00bb\t\t\t<\/a>\n\t\t\t\t<\/div>\n\t\t\t\t<div class=\"elementor-post__meta-data\">\n\t\t\t\t\t<span class=\"elementor-post-author\">\n\t\t\tRyszard Paprotny\t\t<\/span>\n\t\t\t\t<span class=\"elementor-post-date\">\n\t\t\t18 pa\u017adziernika 2018\t\t<\/span>\n\t\t\t\t<span class=\"elementor-post-time\">\n\t\t\t07:20\t\t<\/span>\n\t\t\t\t<\/div>\n\t\t\t\t\t<\/div>\n\t\t<\/article>\n\t\t\t\t<article class=\"elementor-post elementor-grid-item post-1614 post type-post status-publish format-standard has-post-thumbnail hentry category-inwestycje-drogowe-powiatu-trzebnickiego\">\n\t\t\t<div class=\"elementor-post__card\">\n\t\t\t\t<a class=\"elementor-post__thumbnail__link\" href=\"http:\/\/drogi.trzebnica.pl\/index.php\/2018\/10\/12\/zakonczono-realizacje-zadania-pn-budowa-chodnika-w-miejscowosci-korzensko-etap-i-budowa-chodnika-w-miejscowosci-korzensko-przy-drodze-powiatowej-nr-1111-d-na-odcinku-od-ul-kolejowej-od\/\" >\n\t\t\t<div class=\"elementor-post__thumbnail\"><img loading=\"lazy\" decoding=\"async\" width=\"800\" height=\"450\" src=\"http:\/\/drogi.trzebnica.pl\/wp-content\/uploads\/2018\/10\/chodnik-Korzensko-8-1024x576.jpg\" class=\"attachment-large size-large\" alt=\"\" srcset=\"http:\/\/drogi.trzebnica.pl\/wp-content\/uploads\/2018\/10\/chodnik-Korzensko-8-1024x576.jpg 1024w, http:\/\/drogi.trzebnica.pl\/wp-content\/uploads\/2018\/10\/chodnik-Korzensko-8-300x169.jpg 300w, http:\/\/drogi.trzebnica.pl\/wp-content\/uploads\/2018\/10\/chodnik-Korzensko-8-768x432.jpg 768w, http:\/\/drogi.trzebnica.pl\/wp-content\/uploads\/2018\/10\/chodnik-Korzensko-8-1536x864.jpg 1536w, http:\/\/drogi.trzebnica.pl\/wp-content\/uploads\/2018\/10\/chodnik-Korzensko-8-2048x1152.jpg 2048w\" sizes=\"auto, (max-width: 800px) 100vw, 800px\" \/><\/div>\n\t\t<\/a>\n\t\t\t\t<div class=\"elementor-post__text\">\n\t\t\t\t<h3 class=\"elementor-post__title\">\n\t\t\t<a href=\"http:\/\/drogi.trzebnica.pl\/index.php\/2018\/10\/12\/zakonczono-realizacje-zadania-pn-budowa-chodnika-w-miejscowosci-korzensko-etap-i-budowa-chodnika-w-miejscowosci-korzensko-przy-drodze-powiatowej-nr-1111-d-na-odcinku-od-ul-kolejowej-od\/\" >\n\t\t\t\tZako\u0144czono realizacj\u0119 zadania pn.: ,,Budowa chodnika w miejscowo\u015bci Korze\u0144sko ETAP I \u2013 budowa chodnika w miejscowo\u015bci Korze\u0144sko przy drodze powiatowej nr 1111 D na odcinku od ul. Kolejowej do ko\u015bcio\u0142a&#8221;. Gmina \u017bmigr\u00f3d.\t\t\t<\/a>\n\t\t<\/h3>\n\t\t\t\t<div class=\"elementor-post__excerpt\">\n\t\t\t<p>Zako\u0144czono realizacj\u0119 i dokonano odbioru zadania pn.: ,,Budowa chodnika w miejscowo\u015bci Korze\u0144sko ETAP I \u2013 budowa chodnika w miejscowo\u015bci Korze\u0144sko<\/p>\n\t\t<\/div>\n\t\t\t\t\t<a class=\"elementor-post__read-more\" href=\"http:\/\/drogi.trzebnica.pl\/index.php\/2018\/10\/12\/zakonczono-realizacje-zadania-pn-budowa-chodnika-w-miejscowosci-korzensko-etap-i-budowa-chodnika-w-miejscowosci-korzensko-przy-drodze-powiatowej-nr-1111-d-na-odcinku-od-ul-kolejowej-od\/\" >\n\t\t\t\tCZYTAJ WI\u0118CEJ \u00bb\t\t\t<\/a>\n\t\t\t\t<\/div>\n\t\t\t\t<div class=\"elementor-post__meta-data\">\n\t\t\t\t\t<span class=\"elementor-post-author\">\n\t\t\tPawe\u0142 Ka\u017amierczak\t\t<\/span>\n\t\t\t\t<span class=\"elementor-post-date\">\n\t\t\t12 pa\u017adziernika 2018\t\t<\/span>\n\t\t\t\t<span class=\"elementor-post-time\">\n\t\t\t21:03\t\t<\/span>\n\t\t\t\t<\/div>\n\t\t\t\t\t<\/div>\n\t\t<\/article>\n\t\t\t\t<\/div>\n\t\t\t\t<nav class=\"elementor-pagination\" role=\"navigation\" aria-label=\"Pagination\">\n\t\t\t<span class=\"page-numbers prev\">&laquo; NOWSZE<\/span>\n<span aria-current=\"page\" class=\"page-numbers current\"><span class=\"elementor-screen-only\">Page<\/span>1<\/span>\n<a class=\"page-numbers\" href=\"http:\/\/drogi.trzebnica.pl\/index.php\/wp-json\/wp\/v2\/pages\/3088\/page\/2\/\"><span class=\"elementor-screen-only\">Page<\/span>2<\/a>\n<a class=\"page-numbers\" href=\"http:\/\/drogi.trzebnica.pl\/index.php\/wp-json\/wp\/v2\/pages\/3088\/page\/3\/\"><span class=\"elementor-screen-only\">Page<\/span>3<\/a>\n<a class=\"page-numbers\" href=\"http:\/\/drogi.trzebnica.pl\/index.php\/wp-json\/wp\/v2\/pages\/3088\/page\/4\/\"><span class=\"elementor-screen-only\">Page<\/span>4<\/a>\n<a class=\"page-numbers next\" href=\"http:\/\/drogi.trzebnica.pl\/index.php\/wp-json\/wp\/v2\/pages\/3088\/page\/2\/\">STARSZE &raquo;<\/a>\t\t<\/nav>\n\t\t\t\t<\/div>\n\t\t\t\t<\/div>\n\t\t\t\t\t<\/div>\n\t\t<\/div>\n\t\t\t\t\t\t\t<\/div>\n\t\t<\/section>\n\t\t\t\t\t\t<\/div>\n\t\t\t\t\t<\/div>\n\t\t","protected":false},"excerpt":{"rendered":"","protected":false},"author":1,"featured_media":0,"parent":0,"menu_order":0,"comment_status":"closed","ping_status":"closed","template":"","meta":{"footnotes":""},"class_list":["post-3088","page","type-page","status-publish","hentry"],"_links":{"self":[{"href":"http:\/\/drogi.trzebnica.pl\/index.php\/wp-json\/wp\/v2\/pages\/3088","targetHints":{"allow":["GET"]}}],"collection":[{"href":"http:\/\/drogi.trzebnica.pl\/index.php\/wp-json\/wp\/v2\/pages"}],"about":[{"href":"http:\/\/drogi.trzebnica.pl\/index.php\/wp-json\/wp\/v2\/types\/page"}],"author":[{"embeddable":true,"href":"http:\/\/drogi.trzebnica.pl\/index.php\/wp-json\/wp\/v2\/users\/1"}],"replies":[{"embeddable":true,"href":"http:\/\/drogi.trzebnica.pl\/index.php\/wp-json\/wp\/v2\/comments?post=3088"}],"version-history":[{"count":31,"href":"http:\/\/drogi.trzebnica.pl\/index.php\/wp-json\/wp\/v2\/pages\/3088\/revisions"}],"predecessor-version":[{"id":6309,"href":"http:\/\/drogi.trzebnica.pl\/index.php\/wp-json\/wp\/v2\/pages\/3088\/revisions\/6309"}],"wp:attachment":[{"href":"http:\/\/drogi.trzebnica.pl\/index.php\/wp-json\/wp\/v2\/media?parent=3088"}],"curies":[{"name":"wp","href":"https:\/\/api.w.org\/{rel}","templated":true}]}}