{"id":3086,"date":"2021-05-03T15:11:54","date_gmt":"2021-05-03T13:11:54","guid":{"rendered":"http:\/\/trzebnica.home.pl\/drogi.trzebnica.pl\/wordpress\/?page_id=3086"},"modified":"2021-05-15T17:12:37","modified_gmt":"2021-05-15T15:12:37","slug":"ogloszenia-zdp-2","status":"publish","type":"page","link":"https:\/\/drogi.trzebnica.pl\/index.php\/ogloszenia-zdp-2\/","title":{"rendered":"Og\u0142oszenia ZDP"},"content":{"rendered":"\t\t<div data-elementor-type=\"wp-page\" data-elementor-id=\"3086\" class=\"elementor elementor-3086\" data-elementor-settings=\"[]\">\n\t\t\t\t\t\t\t<div class=\"elementor-section-wrap\">\n\t\t\t\t\t\t\t<section class=\"elementor-section elementor-top-section elementor-element elementor-element-898eb7d elementor-section-boxed elementor-section-height-default elementor-section-height-default\" data-id=\"898eb7d\" data-element_type=\"section\">\n\t\t\t\t\t\t<div class=\"elementor-container elementor-column-gap-default\">\n\t\t\t\t\t<div class=\"elementor-column elementor-col-100 elementor-top-column elementor-element elementor-element-253727e0\" data-id=\"253727e0\" data-element_type=\"column\">\n\t\t\t<div class=\"elementor-widget-wrap elementor-element-populated\">\n\t\t\t\t\t\t\t\t<div class=\"elementor-element elementor-element-17a88d9d elementor-mobile-align-center elementor-widget elementor-widget-post-info\" data-id=\"17a88d9d\" data-element_type=\"widget\" data-widget_type=\"post-info.default\">\n\t\t\t\t<div class=\"elementor-widget-container\">\n\t\t\t\t\t<ul class=\"elementor-inline-items elementor-icon-list-items elementor-post-info\">\n\t\t\t\t\t<li class=\"elementor-icon-list-item elementor-repeater-item-a339c7b elementor-inline-item\">\n\t\t\t\t\t\t\t\t\t\t<span class=\"elementor-icon-list-icon\">\n\t\t\t\t\t\t\t\t\t\t\t\t\t\t\t<\/span>\n\t\t\t\t\t\t\t\t\t<span class=\"elementor-icon-list-text elementor-post-info__item elementor-post-info__item--type-custom\">\n\t\t\t\t\t\t\t\t\t\tJeste\u015b tutaj\t\t\t\t\t<\/span>\n\t\t\t\t\t\t\t\t<\/li>\n\t\t\t\t<li class=\"elementor-icon-list-item elementor-repeater-item-97b0ec6 elementor-inline-item\">\n\t\t\t\t\t\t<a href=\"http:\/\/drogi.trzebnica.pl\/\">\n\t\t\t\t\t\t\t\t\t\t\t<span class=\"elementor-icon-list-icon\">\n\t\t\t\t\t\t\t\t<i aria-hidden=\"true\" class=\"fas fa-angle-double-right\"><\/i>\t\t\t\t\t\t\t<\/span>\n\t\t\t\t\t\t\t\t\t<span class=\"elementor-icon-list-text elementor-post-info__item elementor-post-info__item--type-custom\">\n\t\t\t\t\t\t\t\t\t\tStrona G\u0142\u00f3wna\t\t\t\t\t<\/span>\n\t\t\t\t\t\t\t\t\t<\/a>\n\t\t\t\t<\/li>\n\t\t\t\t<li class=\"elementor-icon-list-item elementor-repeater-item-ba9c996 elementor-inline-item\">\n\t\t\t\t\t\t<a href=\"https:\/\/drogi.trzebnica.pl\/index.php\/ogloszenia-zdp-2\/\">\n\t\t\t\t\t\t\t\t\t\t\t<span class=\"elementor-icon-list-icon\">\n\t\t\t\t\t\t\t\t<i aria-hidden=\"true\" class=\"fas fa-angle-double-right\"><\/i>\t\t\t\t\t\t\t<\/span>\n\t\t\t\t\t\t\t\t\t<span class=\"elementor-icon-list-text elementor-post-info__item elementor-post-info__item--type-custom\">\n\t\t\t\t\t\t\t\t\t\tOg\u0142oszenia ZDP\t\t\t\t\t<\/span>\n\t\t\t\t\t\t\t\t\t<\/a>\n\t\t\t\t<\/li>\n\t\t\t\t<\/ul>\n\t\t\t\t<\/div>\n\t\t\t\t<\/div>\n\t\t\t\t\t<\/div>\n\t\t<\/div>\n\t\t\t\t\t\t\t<\/div>\n\t\t<\/section>\n\t\t\t\t<section class=\"elementor-section elementor-top-section elementor-element elementor-element-544f928a elementor-section-boxed elementor-section-height-default elementor-section-height-default\" data-id=\"544f928a\" data-element_type=\"section\">\n\t\t\t\t\t\t<div class=\"elementor-container elementor-column-gap-default\">\n\t\t\t\t\t<div class=\"elementor-column elementor-col-100 elementor-top-column elementor-element elementor-element-af8608f\" data-id=\"af8608f\" data-element_type=\"column\" data-settings=\"{&quot;background_background&quot;:&quot;classic&quot;}\">\n\t\t\t<div class=\"elementor-widget-wrap elementor-element-populated\">\n\t\t\t\t\t\t\t\t<div class=\"elementor-element elementor-element-26ec4af elementor-grid-1 elementor-posts--thumbnail-left elementor-grid-tablet-2 elementor-grid-mobile-1 elementor-invisible elementor-widget elementor-widget-posts\" data-id=\"26ec4af\" data-element_type=\"widget\" data-settings=\"{&quot;classic_columns&quot;:&quot;1&quot;,&quot;_animation&quot;:&quot;bounceInUp&quot;,&quot;classic_columns_tablet&quot;:&quot;2&quot;,&quot;classic_columns_mobile&quot;:&quot;1&quot;,&quot;classic_row_gap&quot;:{&quot;unit&quot;:&quot;px&quot;,&quot;size&quot;:35,&quot;sizes&quot;:[]}}\" data-widget_type=\"posts.classic\">\n\t\t\t\t<div class=\"elementor-widget-container\">\n\t\t\t\t\t<div class=\"elementor-posts-container elementor-posts elementor-posts--skin-classic elementor-grid\">\n\t\t\t\t<article class=\"elementor-post elementor-grid-item post-8200 post type-post status-publish format-standard has-post-thumbnail hentry category-aktualnosci category-ogloszenia-zdp\">\n\t\t\t\t<a class=\"elementor-post__thumbnail__link\" href=\"https:\/\/drogi.trzebnica.pl\/index.php\/2026\/04\/17\/aktualizacja-zamkniecie-drogi-powiatowej-nr-1333d-czeszow-zlotow\/\" >\n\t\t\t<div class=\"elementor-post__thumbnail\"><img loading=\"lazy\" decoding=\"async\" width=\"800\" height=\"534\" src=\"https:\/\/drogi.trzebnica.pl\/wp-content\/uploads\/ChatGPT-Image-17-kwi-2026-12_28_26-1024x683.png\" class=\"attachment-large size-large\" alt=\"\" srcset=\"https:\/\/drogi.trzebnica.pl\/wp-content\/uploads\/ChatGPT-Image-17-kwi-2026-12_28_26-1024x683.png 1024w, https:\/\/drogi.trzebnica.pl\/wp-content\/uploads\/ChatGPT-Image-17-kwi-2026-12_28_26-300x200.png 300w, https:\/\/drogi.trzebnica.pl\/wp-content\/uploads\/ChatGPT-Image-17-kwi-2026-12_28_26-768x512.png 768w, https:\/\/drogi.trzebnica.pl\/wp-content\/uploads\/ChatGPT-Image-17-kwi-2026-12_28_26.png 1536w\" sizes=\"auto, (max-width: 800px) 100vw, 800px\" \/><\/div>\n\t\t<\/a>\n\t\t\t\t<div class=\"elementor-post__text\">\n\t\t\t\t<h3 class=\"elementor-post__title\">\n\t\t\t<a href=\"https:\/\/drogi.trzebnica.pl\/index.php\/2026\/04\/17\/aktualizacja-zamkniecie-drogi-powiatowej-nr-1333d-czeszow-zlotow\/\" >\n\t\t\t\tAKTUALIZACJA \u2013 ZAMKNI\u0118CIE DROGI POWIATOWEJ NR 1333D (CZESZ\u00d3W \u2013 Z\u0141OT\u00d3W)\t\t\t<\/a>\n\t\t<\/h3>\n\t\t\t\t<div class=\"elementor-post__meta-data\">\n\t\t\t\t\t<span class=\"elementor-post-author\">\n\t\t\tAleksandra Szafraniec\t\t<\/span>\n\t\t\t\t<span class=\"elementor-post-date\">\n\t\t\t17 kwietnia 2026\t\t<\/span>\n\t\t\t\t<span class=\"elementor-post-time\">\n\t\t\t12:15\t\t<\/span>\n\t\t\t\t<\/div>\n\t\t\t\t<div class=\"elementor-post__excerpt\">\n\t\t\t<p>Informujemy, \u017ce w zwi\u0105zku z prowadzonymi pracami drogowymi w ramach realizacji zadania pn. \u201ePrzebudowa drogi powiatowej nr 1333D w m.<\/p>\n\t\t<\/div>\n\t\t\t\t\t<a class=\"elementor-post__read-more\" href=\"https:\/\/drogi.trzebnica.pl\/index.php\/2026\/04\/17\/aktualizacja-zamkniecie-drogi-powiatowej-nr-1333d-czeszow-zlotow\/\" >\n\t\t\t\tCZYTAJ WI\u0118CEJ \u00bb\t\t\t<\/a>\n\t\t\t\t<\/div>\n\t\t\t\t<\/article>\n\t\t\t\t<article class=\"elementor-post elementor-grid-item post-8191 post type-post status-publish format-standard has-post-thumbnail hentry category-aktualnosci category-ogloszenia-zdp\">\n\t\t\t\t<a class=\"elementor-post__thumbnail__link\" href=\"https:\/\/drogi.trzebnica.pl\/index.php\/2026\/04\/08\/uwaga-zamkniecie-drogi-powiatowej-nr-1333d\/\" >\n\t\t\t<div class=\"elementor-post__thumbnail\"><img loading=\"lazy\" decoding=\"async\" width=\"800\" height=\"563\" src=\"https:\/\/drogi.trzebnica.pl\/wp-content\/uploads\/mapa-1024x721.jpg\" class=\"attachment-large size-large\" alt=\"\" srcset=\"https:\/\/drogi.trzebnica.pl\/wp-content\/uploads\/mapa-1024x721.jpg 1024w, https:\/\/drogi.trzebnica.pl\/wp-content\/uploads\/mapa-300x211.jpg 300w, https:\/\/drogi.trzebnica.pl\/wp-content\/uploads\/mapa-768x540.jpg 768w, https:\/\/drogi.trzebnica.pl\/wp-content\/uploads\/mapa-1536x1081.jpg 1536w, https:\/\/drogi.trzebnica.pl\/wp-content\/uploads\/mapa-2048x1441.jpg 2048w, https:\/\/drogi.trzebnica.pl\/wp-content\/uploads\/mapa-130x90.jpg 130w\" sizes=\"auto, (max-width: 800px) 100vw, 800px\" \/><\/div>\n\t\t<\/a>\n\t\t\t\t<div class=\"elementor-post__text\">\n\t\t\t\t<h3 class=\"elementor-post__title\">\n\t\t\t<a href=\"https:\/\/drogi.trzebnica.pl\/index.php\/2026\/04\/08\/uwaga-zamkniecie-drogi-powiatowej-nr-1333d\/\" >\n\t\t\t\tUWAGA ZAMKNI\u0118CIE DROGI POWIATOWEJ NR 1333D\t\t\t<\/a>\n\t\t<\/h3>\n\t\t\t\t<div class=\"elementor-post__meta-data\">\n\t\t\t\t\t<span class=\"elementor-post-author\">\n\t\t\tAleksandra Szafraniec\t\t<\/span>\n\t\t\t\t<span class=\"elementor-post-date\">\n\t\t\t8 kwietnia 2026\t\t<\/span>\n\t\t\t\t<span class=\"elementor-post-time\">\n\t\t\t15:06\t\t<\/span>\n\t\t\t\t<\/div>\n\t\t\t\t<div class=\"elementor-post__excerpt\">\n\t\t\t<p>Za\u0142\u0105czniki informacja o zamkni\u0119ciu dr. pow. nr 1333D (221 kB) Dodany przez (Aleksandra Szafraniec)08.04.2026<\/p>\n\t\t<\/div>\n\t\t\t\t\t<a class=\"elementor-post__read-more\" href=\"https:\/\/drogi.trzebnica.pl\/index.php\/2026\/04\/08\/uwaga-zamkniecie-drogi-powiatowej-nr-1333d\/\" >\n\t\t\t\tCZYTAJ WI\u0118CEJ \u00bb\t\t\t<\/a>\n\t\t\t\t<\/div>\n\t\t\t\t<\/article>\n\t\t\t\t<article class=\"elementor-post elementor-grid-item post-8111 post type-post status-publish format-standard has-post-thumbnail hentry category-aktualnosci category-ogloszenia-zdp category-zamowienia-do-130tys\">\n\t\t\t\t<a class=\"elementor-post__thumbnail__link\" href=\"https:\/\/drogi.trzebnica.pl\/index.php\/2026\/02\/03\/zapytanie-ofertowe-zakup-uzywanego-samochodu-dostawczego-typu-kombi-van-segment-lavdo-35-tony\/\" >\n\t\t\t<div class=\"elementor-post__thumbnail\"><img loading=\"lazy\" decoding=\"async\" width=\"800\" height=\"534\" src=\"https:\/\/drogi.trzebnica.pl\/wp-content\/uploads\/2026\/02\/obrazek1-1024x683.png\" class=\"attachment-large size-large\" alt=\"\" srcset=\"https:\/\/drogi.trzebnica.pl\/wp-content\/uploads\/2026\/02\/obrazek1-1024x683.png 1024w, https:\/\/drogi.trzebnica.pl\/wp-content\/uploads\/2026\/02\/obrazek1-300x200.png 300w, https:\/\/drogi.trzebnica.pl\/wp-content\/uploads\/2026\/02\/obrazek1-768x512.png 768w, https:\/\/drogi.trzebnica.pl\/wp-content\/uploads\/2026\/02\/obrazek1.png 1536w\" sizes=\"auto, (max-width: 800px) 100vw, 800px\" \/><\/div>\n\t\t<\/a>\n\t\t\t\t<div class=\"elementor-post__text\">\n\t\t\t\t<h3 class=\"elementor-post__title\">\n\t\t\t<a href=\"https:\/\/drogi.trzebnica.pl\/index.php\/2026\/02\/03\/zapytanie-ofertowe-zakup-uzywanego-samochodu-dostawczego-typu-kombi-van-segment-lavdo-35-tony\/\" >\n\t\t\t\tZapytanie ofertowe &#8211; ,,Zakup u\u017cywanego samochodu dostawczego typu kombi-van (segment LAV)do 3,5 tony\u2019\u2019\t\t\t<\/a>\n\t\t<\/h3>\n\t\t\t\t<div class=\"elementor-post__meta-data\">\n\t\t\t\t\t<span class=\"elementor-post-author\">\n\t\t\tAleksandra Szafraniec\t\t<\/span>\n\t\t\t\t<span class=\"elementor-post-date\">\n\t\t\t3 lutego 2026\t\t<\/span>\n\t\t\t\t<span class=\"elementor-post-time\">\n\t\t\t17:10\t\t<\/span>\n\t\t\t\t<\/div>\n\t\t\t\t<div class=\"elementor-post__excerpt\">\n\t\t\t<p>Za\u0142\u0105czniki 26 r. Zapytanie_ofertowe_zakup_u\u017cywanego_samochodu_dostawczego (732 kB) Dodany przez (Aleksandra Szafraniec)03.02.2026 za\u0142.-nr-3-projekt-umowy-zakup-u\u017cywanego-samochodu_dostawczego (503 kB) Dodany przez (Aleksandra Szafraniec)03.02.2026 za\u0142. nr 2<\/p>\n\t\t<\/div>\n\t\t\t\t\t<a class=\"elementor-post__read-more\" href=\"https:\/\/drogi.trzebnica.pl\/index.php\/2026\/02\/03\/zapytanie-ofertowe-zakup-uzywanego-samochodu-dostawczego-typu-kombi-van-segment-lavdo-35-tony\/\" >\n\t\t\t\tCZYTAJ WI\u0118CEJ \u00bb\t\t\t<\/a>\n\t\t\t\t<\/div>\n\t\t\t\t<\/article>\n\t\t\t\t<article class=\"elementor-post elementor-grid-item post-8104 post type-post status-publish format-standard has-post-thumbnail hentry category-aktualnosci category-ogloszenia-zdp\">\n\t\t\t\t<a class=\"elementor-post__thumbnail__link\" href=\"https:\/\/drogi.trzebnica.pl\/index.php\/2026\/01\/26\/nabor-na-stanowisko-urzednicze-specjalistka-specjalista-ds-zamowien-publicznych-w-zarzadzie-drog-powiatowych-w-trzebnicy\/\" >\n\t\t\t<div class=\"elementor-post__thumbnail\"><img loading=\"lazy\" decoding=\"async\" width=\"800\" height=\"438\" src=\"https:\/\/drogi.trzebnica.pl\/wp-content\/uploads\/2025\/08\/praca-oscar.jpg\" class=\"attachment-large size-large\" alt=\"\" srcset=\"https:\/\/drogi.trzebnica.pl\/wp-content\/uploads\/2025\/08\/praca-oscar.jpg 850w, https:\/\/drogi.trzebnica.pl\/wp-content\/uploads\/2025\/08\/praca-oscar-300x164.jpg 300w, https:\/\/drogi.trzebnica.pl\/wp-content\/uploads\/2025\/08\/praca-oscar-768x420.jpg 768w\" sizes=\"auto, (max-width: 800px) 100vw, 800px\" \/><\/div>\n\t\t<\/a>\n\t\t\t\t<div class=\"elementor-post__text\">\n\t\t\t\t<h3 class=\"elementor-post__title\">\n\t\t\t<a href=\"https:\/\/drogi.trzebnica.pl\/index.php\/2026\/01\/26\/nabor-na-stanowisko-urzednicze-specjalistka-specjalista-ds-zamowien-publicznych-w-zarzadzie-drog-powiatowych-w-trzebnicy\/\" >\n\t\t\t\tNab\u00f3r na\u00a0stanowisko urz\u0119dnicze Specjalistka\/Specjalista ds. zam\u00f3wie\u0144 publicznych w Zarz\u0105dzie Dr\u00f3g Powiatowych w Trzebnicy\t\t\t<\/a>\n\t\t<\/h3>\n\t\t\t\t<div class=\"elementor-post__meta-data\">\n\t\t\t\t\t<span class=\"elementor-post-author\">\n\t\t\tAleksandra Szafraniec\t\t<\/span>\n\t\t\t\t<span class=\"elementor-post-date\">\n\t\t\t26 stycznia 2026\t\t<\/span>\n\t\t\t\t<span class=\"elementor-post-time\">\n\t\t\t14:59\t\t<\/span>\n\t\t\t\t<\/div>\n\t\t\t\t<div class=\"elementor-post__excerpt\">\n\t\t\t<p>Za\u0142\u0105czniki og\u0142oszenie o naborze (390 kB) Dodany przez (Aleksandra Szafraniec)26.01.2026 Informacja wynik naboru Specjalistka_Specjalista ds. zam\u00f3wie\u0144 publicznych (99 kB) Dodany<\/p>\n\t\t<\/div>\n\t\t\t\t\t<a class=\"elementor-post__read-more\" href=\"https:\/\/drogi.trzebnica.pl\/index.php\/2026\/01\/26\/nabor-na-stanowisko-urzednicze-specjalistka-specjalista-ds-zamowien-publicznych-w-zarzadzie-drog-powiatowych-w-trzebnicy\/\" >\n\t\t\t\tCZYTAJ WI\u0118CEJ \u00bb\t\t\t<\/a>\n\t\t\t\t<\/div>\n\t\t\t\t<\/article>\n\t\t\t\t<article class=\"elementor-post elementor-grid-item post-8092 post type-post status-publish format-standard has-post-thumbnail hentry category-aktualnosci category-ogloszenia-zdp category-zamowienia-do-130tys\">\n\t\t\t\t<a class=\"elementor-post__thumbnail__link\" href=\"https:\/\/drogi.trzebnica.pl\/index.php\/2026\/01\/13\/zapytanie-ofertowe-zakup-uzywanego-samochodu-dostawczego-typu-kombi-van-segment-lav-do-35-tony\/\" >\n\t\t\t<div class=\"elementor-post__thumbnail\"><img loading=\"lazy\" decoding=\"async\" width=\"800\" height=\"800\" src=\"https:\/\/drogi.trzebnica.pl\/wp-content\/uploads\/2026\/01\/grafika-zakup-samochodu.png\" class=\"attachment-large size-large\" alt=\"\" srcset=\"https:\/\/drogi.trzebnica.pl\/wp-content\/uploads\/2026\/01\/grafika-zakup-samochodu.png 1024w, https:\/\/drogi.trzebnica.pl\/wp-content\/uploads\/2026\/01\/grafika-zakup-samochodu-300x300.png 300w, https:\/\/drogi.trzebnica.pl\/wp-content\/uploads\/2026\/01\/grafika-zakup-samochodu-150x150.png 150w, https:\/\/drogi.trzebnica.pl\/wp-content\/uploads\/2026\/01\/grafika-zakup-samochodu-768x768.png 768w\" sizes=\"auto, (max-width: 800px) 100vw, 800px\" \/><\/div>\n\t\t<\/a>\n\t\t\t\t<div class=\"elementor-post__text\">\n\t\t\t\t<h3 class=\"elementor-post__title\">\n\t\t\t<a href=\"https:\/\/drogi.trzebnica.pl\/index.php\/2026\/01\/13\/zapytanie-ofertowe-zakup-uzywanego-samochodu-dostawczego-typu-kombi-van-segment-lav-do-35-tony\/\" >\n\t\t\t\tZapytanie ofertowe &#8211; ,,Zakup u\u017cywanego samochodu dostawczego typu kombi-van (segment LAV) do 3,5 tony\u2019\u2019\t\t\t<\/a>\n\t\t<\/h3>\n\t\t\t\t<div class=\"elementor-post__meta-data\">\n\t\t\t\t\t<span class=\"elementor-post-author\">\n\t\t\tAleksandra Szafraniec\t\t<\/span>\n\t\t\t\t<span class=\"elementor-post-date\">\n\t\t\t13 stycznia 2026\t\t<\/span>\n\t\t\t\t<span class=\"elementor-post-time\">\n\t\t\t10:45\t\t<\/span>\n\t\t\t\t<\/div>\n\t\t\t\t<div class=\"elementor-post__excerpt\">\n\t\t\t<p>Za\u0142\u0105czniki 26 r. Zapytanie_ofertowe_zakup_u\u017cywanego_samochodu_dostawczego (732 kB) Dodany przez (Aleksandra Szafraniec)13.01.2026 za\u0142. nr 2 OPZ_zakup_u\u017cywanego_samochodu_dostawczego (295 kB) Dodany przez (Aleksandra Szafraniec)13.01.2026<\/p>\n\t\t<\/div>\n\t\t\t\t\t<a class=\"elementor-post__read-more\" href=\"https:\/\/drogi.trzebnica.pl\/index.php\/2026\/01\/13\/zapytanie-ofertowe-zakup-uzywanego-samochodu-dostawczego-typu-kombi-van-segment-lav-do-35-tony\/\" >\n\t\t\t\tCZYTAJ WI\u0118CEJ \u00bb\t\t\t<\/a>\n\t\t\t\t<\/div>\n\t\t\t\t<\/article>\n\t\t\t\t<article class=\"elementor-post elementor-grid-item post-8038 post type-post status-publish format-standard has-post-thumbnail hentry category-aktualnosci category-ogloszenia-zdp\">\n\t\t\t\t<a class=\"elementor-post__thumbnail__link\" href=\"https:\/\/drogi.trzebnica.pl\/index.php\/2025\/11\/24\/8038\/\" >\n\t\t\t<div class=\"elementor-post__thumbnail\"><img loading=\"lazy\" decoding=\"async\" width=\"800\" height=\"533\" src=\"https:\/\/drogi.trzebnica.pl\/wp-content\/uploads\/2025\/11\/zima-bt1-1024x682.jpg\" class=\"attachment-large size-large\" alt=\"\" srcset=\"https:\/\/drogi.trzebnica.pl\/wp-content\/uploads\/2025\/11\/zima-bt1-1024x682.jpg 1024w, https:\/\/drogi.trzebnica.pl\/wp-content\/uploads\/2025\/11\/zima-bt1-300x200.jpg 300w, https:\/\/drogi.trzebnica.pl\/wp-content\/uploads\/2025\/11\/zima-bt1-768x512.jpg 768w, https:\/\/drogi.trzebnica.pl\/wp-content\/uploads\/2025\/11\/zima-bt1-1536x1024.jpg 1536w, https:\/\/drogi.trzebnica.pl\/wp-content\/uploads\/2025\/11\/zima-bt1-2048x1365.jpg 2048w\" sizes=\"auto, (max-width: 800px) 100vw, 800px\" \/><\/div>\n\t\t<\/a>\n\t\t\t\t<div class=\"elementor-post__text\">\n\t\t\t\t<h3 class=\"elementor-post__title\">\n\t\t\t<a href=\"https:\/\/drogi.trzebnica.pl\/index.php\/2025\/11\/24\/8038\/\" >\n\t\t\t\tAkcja Zima &#8211; Zg\u0142aszanie Interwencji\t\t\t<\/a>\n\t\t<\/h3>\n\t\t\t\t<div class=\"elementor-post__meta-data\">\n\t\t\t\t\t<span class=\"elementor-post-author\">\n\t\t\tBruno Ko\u0144ski\t\t<\/span>\n\t\t\t\t<span class=\"elementor-post-date\">\n\t\t\t24 listopada 2025\t\t<\/span>\n\t\t\t\t<span class=\"elementor-post-time\">\n\t\t\t16:22\t\t<\/span>\n\t\t\t\t<\/div>\n\t\t\t\t<div class=\"elementor-post__excerpt\">\n\t\t\t\t\t<\/div>\n\t\t\t\t\t<a class=\"elementor-post__read-more\" href=\"https:\/\/drogi.trzebnica.pl\/index.php\/2025\/11\/24\/8038\/\" >\n\t\t\t\tCZYTAJ WI\u0118CEJ \u00bb\t\t\t<\/a>\n\t\t\t\t<\/div>\n\t\t\t\t<\/article>\n\t\t\t\t<\/div>\n\t\t\t\t<nav class=\"elementor-pagination\" role=\"navigation\" aria-label=\"Pagination\">\n\t\t\t<span class=\"page-numbers prev\">&laquo; NOWSZE<\/span>\n<span aria-current=\"page\" class=\"page-numbers current\"><span class=\"elementor-screen-only\">Page<\/span>1<\/span>\n<a class=\"page-numbers\" href=\"https:\/\/drogi.trzebnica.pl\/index.php\/wp-json\/wp\/v2\/pages\/3086\/page\/2\/\"><span class=\"elementor-screen-only\">Page<\/span>2<\/a>\n<a class=\"page-numbers\" href=\"https:\/\/drogi.trzebnica.pl\/index.php\/wp-json\/wp\/v2\/pages\/3086\/page\/3\/\"><span class=\"elementor-screen-only\">Page<\/span>3<\/a>\n<a class=\"page-numbers\" href=\"https:\/\/drogi.trzebnica.pl\/index.php\/wp-json\/wp\/v2\/pages\/3086\/page\/4\/\"><span class=\"elementor-screen-only\">Page<\/span>4<\/a>\n<a class=\"page-numbers\" href=\"https:\/\/drogi.trzebnica.pl\/index.php\/wp-json\/wp\/v2\/pages\/3086\/page\/5\/\"><span class=\"elementor-screen-only\">Page<\/span>5<\/a>\n<a class=\"page-numbers\" href=\"https:\/\/drogi.trzebnica.pl\/index.php\/wp-json\/wp\/v2\/pages\/3086\/page\/6\/\"><span class=\"elementor-screen-only\">Page<\/span>6<\/a>\n<a class=\"page-numbers\" href=\"https:\/\/drogi.trzebnica.pl\/index.php\/wp-json\/wp\/v2\/pages\/3086\/page\/7\/\"><span class=\"elementor-screen-only\">Page<\/span>7<\/a>\n<a class=\"page-numbers\" href=\"https:\/\/drogi.trzebnica.pl\/index.php\/wp-json\/wp\/v2\/pages\/3086\/page\/8\/\"><span class=\"elementor-screen-only\">Page<\/span>8<\/a>\n<a class=\"page-numbers\" href=\"https:\/\/drogi.trzebnica.pl\/index.php\/wp-json\/wp\/v2\/pages\/3086\/page\/9\/\"><span class=\"elementor-screen-only\">Page<\/span>9<\/a>\n<a class=\"page-numbers\" href=\"https:\/\/drogi.trzebnica.pl\/index.php\/wp-json\/wp\/v2\/pages\/3086\/page\/10\/\"><span class=\"elementor-screen-only\">Page<\/span>10<\/a>\n<a class=\"page-numbers\" href=\"https:\/\/drogi.trzebnica.pl\/index.php\/wp-json\/wp\/v2\/pages\/3086\/page\/11\/\"><span class=\"elementor-screen-only\">Page<\/span>11<\/a>\n<a class=\"page-numbers\" href=\"https:\/\/drogi.trzebnica.pl\/index.php\/wp-json\/wp\/v2\/pages\/3086\/page\/12\/\"><span class=\"elementor-screen-only\">Page<\/span>12<\/a>\n<a class=\"page-numbers\" href=\"https:\/\/drogi.trzebnica.pl\/index.php\/wp-json\/wp\/v2\/pages\/3086\/page\/13\/\"><span class=\"elementor-screen-only\">Page<\/span>13<\/a>\n<a class=\"page-numbers\" href=\"https:\/\/drogi.trzebnica.pl\/index.php\/wp-json\/wp\/v2\/pages\/3086\/page\/14\/\"><span class=\"elementor-screen-only\">Page<\/span>14<\/a>\n<a class=\"page-numbers next\" href=\"https:\/\/drogi.trzebnica.pl\/index.php\/wp-json\/wp\/v2\/pages\/3086\/page\/2\/\">STARSZE &raquo;<\/a>\t\t<\/nav>\n\t\t\t\t<\/div>\n\t\t\t\t<\/div>\n\t\t\t\t\t<\/div>\n\t\t<\/div>\n\t\t\t\t\t\t\t<\/div>\n\t\t<\/section>\n\t\t\t\t<section class=\"elementor-section elementor-top-section elementor-element elementor-element-158bb74 elementor-section-boxed elementor-section-height-default elementor-section-height-default\" data-id=\"158bb74\" data-element_type=\"section\">\n\t\t\t\t\t\t<div class=\"elementor-container elementor-column-gap-default\">\n\t\t\t\t\t<div class=\"elementor-column elementor-col-100 elementor-top-column elementor-element elementor-element-beba488\" data-id=\"beba488\" data-element_type=\"column\">\n\t\t\t<div class=\"elementor-widget-wrap\">\n\t\t\t\t\t\t\t\t\t<\/div>\n\t\t<\/div>\n\t\t\t\t\t\t\t<\/div>\n\t\t<\/section>\n\t\t\t\t\t\t<\/div>\n\t\t\t\t\t<\/div>\n\t\t","protected":false},"excerpt":{"rendered":"","protected":false},"author":1,"featured_media":0,"parent":0,"menu_order":0,"comment_status":"closed","ping_status":"closed","template":"","meta":{"footnotes":""},"class_list":["post-3086","page","type-page","status-publish","hentry"],"_links":{"self":[{"href":"https:\/\/drogi.trzebnica.pl\/index.php\/wp-json\/wp\/v2\/pages\/3086","targetHints":{"allow":["GET"]}}],"collection":[{"href":"https:\/\/drogi.trzebnica.pl\/index.php\/wp-json\/wp\/v2\/pages"}],"about":[{"href":"https:\/\/drogi.trzebnica.pl\/index.php\/wp-json\/wp\/v2\/types\/page"}],"author":[{"embeddable":true,"href":"https:\/\/drogi.trzebnica.pl\/index.php\/wp-json\/wp\/v2\/users\/1"}],"replies":[{"embeddable":true,"href":"https:\/\/drogi.trzebnica.pl\/index.php\/wp-json\/wp\/v2\/comments?post=3086"}],"version-history":[{"count":34,"href":"https:\/\/drogi.trzebnica.pl\/index.php\/wp-json\/wp\/v2\/pages\/3086\/revisions"}],"predecessor-version":[{"id":6339,"href":"https:\/\/drogi.trzebnica.pl\/index.php\/wp-json\/wp\/v2\/pages\/3086\/revisions\/6339"}],"wp:attachment":[{"href":"https:\/\/drogi.trzebnica.pl\/index.php\/wp-json\/wp\/v2\/media?parent=3086"}],"curies":[{"name":"wp","href":"https:\/\/api.w.org\/{rel}","templated":true}]}}